{"id":10170,"date":"2022-11-07T14:57:29","date_gmt":"2022-11-07T13:57:29","guid":{"rendered":"http:\/\/dev.modularte.de\/ASSUGRIN-WP\/a-propos-de-nous-2\/newsletter\/"},"modified":"2024-03-22T12:32:44","modified_gmt":"2024-03-22T11:32:44","slug":"bulletin-dinformation","status":"publish","type":"page","link":"https:\/\/www.assugrin.ch\/fr\/bulletin-dinformation\/","title":{"rendered":"Bulletin d\u2019information"},"content":{"rendered":"\n<div id=\"newsletter-block-block_978825a7e1a242b0cfd0ab24858e37de\" class=\"newsletter-block alignfull is-big\">\n  <div class=\"newsletter-block__wrapper frame-wide\">\n        <div class=\"newsletter-block__image\">\n      <img decoding=\"async\" width=\"583\" height=\"431\" src=\"https:\/\/www.assugrin.ch\/wp-content\/uploads\/2024\/02\/newsletter-frau-mit-herz-583x431.png\" class=\"attachment-newsletter size-newsletter\" alt=\"\" srcset=\"https:\/\/www.assugrin.ch\/wp-content\/uploads\/2024\/02\/newsletter-frau-mit-herz-583x431.png 583w, https:\/\/www.assugrin.ch\/wp-content\/uploads\/2024\/02\/newsletter-frau-mit-herz-640x474.png 640w, https:&#x2f;&#x2f;&#119;&#119;w&#x2e;&#x61;&#x73;&#115;ug&#x72;&#x69;&#110;&#46;c&#x68;&#x2f;&#x77;&#112;-c&#x6f;&#x6e;&#116;&#101;n&#x74;&#x2f;&#x75;&#112;lo&#x61;&#x64;&#115;&#47;2&#x30;&#x32;&#x34;&#47;&#48;2&#x2f;&#x6e;&#101;&#119;s&#x6c;&#x65;&#x74;&#116;&#101;r&#x2d;&#x66;&#x72;&#97;u-&#x6d;&#x69;&#116;&#45;h&#x65;&#x72;&#x7a;&#45;15&#x30;&#x78;&#49;&#49;1&#x40;&#x32;&#x78;&#46;pn&#x67; 300w, https:\/\/www.assugrin.ch\/wp-content\/uploads\/2024\/02\/newsletter-frau-mit-herz-1024x758.png 1024w, https:\/\/www.assugrin.ch\/wp-content\/uploads\/2024\/02\/newsletter-frau-mit-herz-150x111.png 150w, https:\/\/www.assugrin.ch\/wp-content\/uploads\/2024\/02\/newsletter-frau-mit-herz-845x625.png 845w, https:\/\/www.assugrin.ch\/wp-content\/uploads\/2024\/02\/newsletter-frau-mit-herz-780x577.png 780w, https:\/\/www.assugrin.ch\/wp-content\/uploads\/2024\/02\/newsletter-frau-mit-herz-450x333.png 450w, https:\/\/www.assugrin.ch\/wp-content\/uploads\/2024\/02\/newsletter-frau-mit-herz-860x636.png 860w, https:\/\/www.assugrin.ch\/wp-content\/uploads\/2024\/02\/newsletter-frau-mit-herz-420x311.png 420w, https:\/\/www.assugrin.ch\/wp-content\/uploads\/2024\/02\/newsletter-frau-mit-herz-1380x1021.png 1380w, https:\/\/www.assugrin.ch\/wp-content\/uploads\/2024\/02\/newsletter-frau-mit-herz-255x189.png 255w, https:\/\/www.assugrin.ch\/wp-content\/uploads\/2024\/02\/newsletter-frau-mit-herz-530x392.png 530w, https:\/\/www.assugrin.ch\/wp-content\/uploads\/2024\/02\/newsletter-frau-mit-herz.png 1400w, https:\/&#47;&#x77;&#x77;w&#46;&#x61;&#x73;s&#117;&#103;&#x72;&#x69;n&#46;&#x63;&#x68;\/&#119;&#x70;&#x2d;c&#111;&#110;&#x74;&#x65;n&#116;&#x2f;&#x75;p&#108;&#x6f;&#x61;d&#115;&#47;&#x32;&#x30;2&#52;&#x2f;&#x30;2&#47;&#x6e;&#x65;w&#115;&#108;&#x65;&#x74;t&#101;&#x72;&#x2d;f&#114;&#x61;&#x75;-&#109;&#105;&#x74;&#x2d;h&#101;&#x72;&#x7a;-&#51;&#x30;&#x30;x&#50;&#50;&#x32;&#x40;2&#120;&#x2e;&#x70;n&#103; 600w\" sizes=\"(max-width: 583px) 100vw, 583px\" \/>    <\/div>\n        <div class=\"newsletter-block__content\">\n            <div class=\"newsletter-block__description\"><p>Sichern Sie sich <b>10%<\/b> Rabatt\u00a0bei der n\u00e4chsten Bestellung<\/p>\n<\/div>\n      \n      <div class=\"newsletter-block__label\">S\u2019abonner au bulletin d\u2019information<\/div>\n\n      <form action=\"https:\/\/hermesetas.us12.list-manage.com\/subscribe\/post?u=952441537bec3dbc8ab296b90&#038;id=bb32c46608&#038;v_id=6093&#038;f_id=00c6ace0f0\" method=\"post\" id=\"mc-embedded-subscribe-form\" name=\"mc-embedded-subscribe-form\" class=\"newsletter-block__form validate entry-form box-row\" target=\"_blank\" novalidate=\"\">\n        <input type=\"email\" value=\"\" name=\"EMAIL\" class=\"required\" id=\"mce-EMAIL\" placeholder=\"Votre adresse email\">\n        <button type=\"submit\" data-info=\"subscribe-newsletter\" id=\"mc-embedded-subscribe\">S&#8217;abonner<\/button>\n\n        <div id=\"mce-responses\" class=\"clear\">\n          <div class=\"response\" id=\"mce-error-response\" style=\"display:none\"><\/div>\n          <div class=\"response\" id=\"mce-success-response\" style=\"display:none\"><\/div>\n        <\/div>\n\n        <!-- real people should not fill this in and expect good things - do not remove this or risk form bot signups-->\n        <div style=\"position: absolute; left: -5000px;\" aria-hidden=\"true\"><input type=\"text\" name=\"b_223f87897f68dbede8b31be13_0aa85d2996\" tabindex=\"-1\" value=\"\"><\/div>\n      <\/form>\n\n      <div class=\"newsletter-block__note\">Par la pr\u00e9sente, je donne mon accord pour recevoir la newsletter. Ce consentement est volontaire et peut \u00eatre r\u00e9voqu\u00e9 \u00e0 tout moment.<\/div>\n    <\/div>\n  <\/div>\n<\/div>","protected":false},"excerpt":{"rendered":"","protected":false},"author":2,"featured_media":0,"parent":0,"menu_order":24,"comment_status":"closed","ping_status":"closed","template":"","meta":{"_acf_changed":false,"inline_featured_image":false,"kia_subtitle":"","footnotes":""},"tags":[],"class_list":["post-10170","page","type-page","status-publish","hentry"],"acf":[],"yoast_head":"<!-- This site is optimized with the Yoast SEO Premium plugin v24.2 (Yoast SEO v27.2) - https:\/\/yoast.com\/product\/yoast-seo-premium-wordpress\/ -->\n<title>Bulletin d\u2019information | ASSUGRIN<\/title>\n<meta name=\"robots\" content=\"index, follow, max-snippet:-1, max-image-preview:large, max-video-preview:-1\" \/>\n<link rel=\"canonical\" href=\"https:\/\/www.assugrin.ch\/fr\/bulletin-dinformation\/\" \/>\n<meta property=\"og:locale\" content=\"fr_FR\" \/>\n<meta property=\"og:type\" content=\"article\" \/>\n<meta property=\"og:title\" content=\"Bulletin d\u2019information\" \/>\n<meta property=\"og:url\" content=\"https:\/\/www.assugrin.ch\/fr\/bulletin-dinformation\/\" \/>\n<meta property=\"og:site_name\" content=\"ASSUGRIN\" \/>\n<meta property=\"article:publisher\" content=\"https:\/\/www.facebook.com\/ASSUGRIN.ch\/\" \/>\n<meta property=\"article:modified_time\" content=\"2024-03-22T11:32:44+00:00\" \/>\n<meta name=\"twitter:card\" content=\"summary_large_image\" \/>\n<meta name=\"twitter:label1\" content=\"Est. reading time\" \/>\n\t<meta name=\"twitter:data1\" content=\"1 minute\" \/>\n<script type=\"application\/ld+json\" class=\"yoast-schema-graph\">{\"@context\":\"https:\/\/schema.org\",\"@graph\":[{\"@type\":\"WebPage\",\"@id\":\"https:\/\/www.assugrin.ch\/fr\/bulletin-dinformation\/\",\"url\":\"https:\/\/www.assugrin.ch\/fr\/bulletin-dinformation\/\",\"name\":\"Bulletin d\u2019information | ASSUGRIN\",\"isPartOf\":{\"@id\":\"https:\/\/www.assugrin.ch\/fr\/#website\"},\"datePublished\":\"2022-11-07T13:57:29+00:00\",\"dateModified\":\"2024-03-22T11:32:44+00:00\",\"breadcrumb\":{\"@id\":\"https:\/\/www.assugrin.ch\/fr\/bulletin-dinformation\/#breadcrumb\"},\"inLanguage\":\"fr-FR\",\"potentialAction\":[{\"@type\":\"ReadAction\",\"target\":[\"https:\/\/www.assugrin.ch\/fr\/bulletin-dinformation\/\"]}]},{\"@type\":\"BreadcrumbList\",\"@id\":\"https:\/\/www.assugrin.ch\/fr\/bulletin-dinformation\/#breadcrumb\",\"itemListElement\":[{\"@type\":\"ListItem\",\"position\":1,\"name\":\"Accueil\",\"item\":\"https:\/\/www.assugrin.ch\/fr\/\"},{\"@type\":\"ListItem\",\"position\":2,\"name\":\"\u00c0 propos de nous\",\"item\":\"https:\/\/www.assugrin.ch\/fr\/a-propos-de-nous\/\"},{\"@type\":\"ListItem\",\"position\":3,\"name\":\"Bulletin d\u2019information\"}]},{\"@type\":\"WebSite\",\"@id\":\"https:\/\/www.assugrin.ch\/fr\/#website\",\"url\":\"https:\/\/www.assugrin.ch\/fr\/\",\"name\":\"ASSUGRIN\",\"description\":\"Die clevere Art zu S\u00fcssen\",\"publisher\":{\"@id\":\"https:\/\/www.assugrin.ch\/fr\/#organization\"},\"potentialAction\":[{\"@type\":\"SearchAction\",\"target\":{\"@type\":\"EntryPoint\",\"urlTemplate\":\"https:\/\/www.assugrin.ch\/fr\/?s={search_term_string}\"},\"query-input\":{\"@type\":\"PropertyValueSpecification\",\"valueRequired\":true,\"valueName\":\"search_term_string\"}}],\"inLanguage\":\"fr-FR\"},{\"@type\":\"Organization\",\"@id\":\"https:\/\/www.assugrin.ch\/fr\/#organization\",\"name\":\"ASSUGRIN\",\"alternateName\":\"Die clevere Art zu S\u00fcssen\",\"url\":\"https:\/\/www.assugrin.ch\/fr\/\",\"logo\":{\"@type\":\"ImageObject\",\"inLanguage\":\"fr-FR\",\"@id\":\"https:\/\/www.assugrin.ch\/fr\/#\/schema\/logo\/image\/\",\"url\":\"https:\/\/www.assugrin.ch\/wp-content\/uploads\/2022\/12\/logo-assugrin-faq.svg\",\"contentUrl\":\"https:\/\/www.assugrin.ch\/wp-content\/uploads\/2022\/12\/logo-assugrin-faq.svg\",\"width\":180,\"height\":180,\"caption\":\"ASSUGRIN\"},\"image\":{\"@id\":\"https:\/\/www.assugrin.ch\/fr\/#\/schema\/logo\/image\/\"},\"sameAs\":[\"https:\/\/www.facebook.com\/ASSUGRIN.ch\/\",\"https:\/\/www.instagram.com\/assugrin.ch\"]}]}<\/script>\n<!-- \/ Yoast SEO Premium plugin. -->","yoast_head_json":{"title":"Bulletin d\u2019information | ASSUGRIN","robots":{"index":"index","follow":"follow","max-snippet":"max-snippet:-1","max-image-preview":"max-image-preview:large","max-video-preview":"max-video-preview:-1"},"canonical":"https:\/\/www.assugrin.ch\/fr\/bulletin-dinformation\/","og_locale":"fr_FR","og_type":"article","og_title":"Bulletin d\u2019information","og_url":"https:\/\/www.assugrin.ch\/fr\/bulletin-dinformation\/","og_site_name":"ASSUGRIN","article_publisher":"https:\/\/www.facebook.com\/ASSUGRIN.ch\/","article_modified_time":"2024-03-22T11:32:44+00:00","twitter_card":"summary_large_image","twitter_misc":{"Est. reading time":"1 minute"},"schema":{"@context":"https:\/\/schema.org","@graph":[{"@type":"WebPage","@id":"https:\/\/www.assugrin.ch\/fr\/bulletin-dinformation\/","url":"https:\/\/www.assugrin.ch\/fr\/bulletin-dinformation\/","name":"Bulletin d\u2019information | ASSUGRIN","isPartOf":{"@id":"https:\/\/www.assugrin.ch\/fr\/#website"},"datePublished":"2022-11-07T13:57:29+00:00","dateModified":"2024-03-22T11:32:44+00:00","breadcrumb":{"@id":"https:\/\/www.assugrin.ch\/fr\/bulletin-dinformation\/#breadcrumb"},"inLanguage":"fr-FR","potentialAction":[{"@type":"ReadAction","target":["https:\/\/www.assugrin.ch\/fr\/bulletin-dinformation\/"]}]},{"@type":"BreadcrumbList","@id":"https:\/\/www.assugrin.ch\/fr\/bulletin-dinformation\/#breadcrumb","itemListElement":[{"@type":"ListItem","position":1,"name":"Accueil","item":"https:\/\/www.assugrin.ch\/fr\/"},{"@type":"ListItem","position":2,"name":"\u00c0 propos de nous","item":"https:\/\/www.assugrin.ch\/fr\/a-propos-de-nous\/"},{"@type":"ListItem","position":3,"name":"Bulletin d\u2019information"}]},{"@type":"WebSite","@id":"https:\/\/www.assugrin.ch\/fr\/#website","url":"https:\/\/www.assugrin.ch\/fr\/","name":"ASSUGRIN","description":"Die clevere Art zu S\u00fcssen","publisher":{"@id":"https:\/\/www.assugrin.ch\/fr\/#organization"},"potentialAction":[{"@type":"SearchAction","target":{"@type":"EntryPoint","urlTemplate":"https:\/\/www.assugrin.ch\/fr\/?s={search_term_string}"},"query-input":{"@type":"PropertyValueSpecification","valueRequired":true,"valueName":"search_term_string"}}],"inLanguage":"fr-FR"},{"@type":"Organization","@id":"https:\/\/www.assugrin.ch\/fr\/#organization","name":"ASSUGRIN","alternateName":"Die clevere Art zu S\u00fcssen","url":"https:\/\/www.assugrin.ch\/fr\/","logo":{"@type":"ImageObject","inLanguage":"fr-FR","@id":"https:\/\/www.assugrin.ch\/fr\/#\/schema\/logo\/image\/","url":"https:\/\/www.assugrin.ch\/wp-content\/uploads\/2022\/12\/logo-assugrin-faq.svg","contentUrl":"https:\/\/www.assugrin.ch\/wp-content\/uploads\/2022\/12\/logo-assugrin-faq.svg","width":180,"height":180,"caption":"ASSUGRIN"},"image":{"@id":"https:\/\/www.assugrin.ch\/fr\/#\/schema\/logo\/image\/"},"sameAs":["https:\/\/www.facebook.com\/ASSUGRIN.ch\/","https:\/\/www.instagram.com\/assugrin.ch"]}]}},"_links":{"self":[{"href":"https:\/\/www.assugrin.ch\/fr\/wp-json\/wp\/v2\/pages\/10170","targetHints":{"allow":["GET"]}}],"collection":[{"href":"https:\/\/www.assugrin.ch\/fr\/wp-json\/wp\/v2\/pages"}],"about":[{"href":"https:\/\/www.assugrin.ch\/fr\/wp-json\/wp\/v2\/types\/page"}],"author":[{"embeddable":true,"href":"https:\/\/www.assugrin.ch\/fr\/wp-json\/wp\/v2\/users\/2"}],"replies":[{"embeddable":true,"href":"https:\/\/www.assugrin.ch\/fr\/wp-json\/wp\/v2\/comments?post=10170"}],"version-history":[{"count":0,"href":"https:\/\/www.assugrin.ch\/fr\/wp-json\/wp\/v2\/pages\/10170\/revisions"}],"wp:attachment":[{"href":"https:\/\/www.assugrin.ch\/fr\/wp-json\/wp\/v2\/media?parent=10170"}],"wp:term":[{"taxonomy":"post_tag","embeddable":true,"href":"https:\/\/www.assugrin.ch\/fr\/wp-json\/wp\/v2\/tags?post=10170"}],"curies":[{"name":"wp","href":"https:\/\/api.w.org\/{rel}","templated":true}]}}