{"id":10178,"date":"2022-11-04T17:19:01","date_gmt":"2022-11-04T16:19:01","guid":{"rendered":"http:\/\/dev.modularte.de\/ASSUGRIN-WP\/widerrufsbelehrung\/"},"modified":"2023-06-28T10:01:22","modified_gmt":"2023-06-28T08:01:22","slug":"information-sur-le-droit-de-retractation","status":"publish","type":"page","link":"https:\/\/www.assugrin.ch\/fr\/information-sur-le-droit-de-retractation\/","title":{"rendered":"Droit de r\u00e9tractation"},"content":{"rendered":"\n<div style=\"height:1px\" aria-hidden=\"true\" class=\"wp-block-spacer\"><\/div>\n\n\n\n<h2 class=\"wp-block-heading is-style-default\" id=\"h-droit-de-retractation\" id=\"droit-de-retractation\">Droit de r\u00e9tractation<\/h2>\n\n\n\n<p>Vous avez le droit de r\u00e9silier le pr\u00e9sent contrat dans un d\u00e9lai de quatorze (14) jours calendaires sans donner de motif.<br>contrat de r\u00e9tractation.<\/p>\n\n\n\n<p>Le d\u00e9lai de r\u00e9tractation est de quatorze (14) jours calendaires \u00e0 compter du jour o\u00f9 vous, ou un tiers autre que le transporteur et d\u00e9sign\u00e9 par vous, prenez ou a pris possession des marchandises.<\/p>\n\n\n\n<p>Pour exercer votre droit de r\u00e9tractation, vous devez nous informer (Kr\u00fcger Schweiz AG, Ankerstrasse 53, 8004 Zurich, +41 (0) 44 245 43 43, &#115;&#x75;&#x70;p&#111;&#x72;t&#64;&#x61;s&#115;&#x75;g&#114;&#x69;&#x6e;&#46;&#x63;&#x68;) de votre d\u00e9cision de vous r\u00e9tracter du pr\u00e9sent contrat au moyen d&#8217;une d\u00e9claration d\u00e9nu\u00e9e d&#8217;ambigu\u00eft\u00e9 (par ex. lettre envoy\u00e9e par la poste, t\u00e9l\u00e9copie ou courrier \u00e9lectronique). Pour ce faire, vous pouvez utiliser le mod\u00e8le de formulaire de r\u00e9tractation ci-dessous, qui n&#8217;est toutefois pas obligatoire.<\/p>\n\n\n\n<p>Pour que le d\u00e9lai de r\u00e9tractation soit respect\u00e9, il suffit que vous envoyiez la communication relative \u00e0 l&#8217;exercice du droit de r\u00e9tractation avant l&#8217;expiration du d\u00e9lai de r\u00e9tractation.<\/p>\n\n\n\n<p><strong>Cons\u00e9quences de la r\u00e9tractation<\/strong><br>En cas de r\u00e9tractation du pr\u00e9sent contrat, nous vous rembourserons tous les paiements re\u00e7us de vous, y compris les frais de livraison (\u00e0 l&#8217;exception des frais suppl\u00e9mentaires d\u00e9coulant du fait que vous avez choisi un mode de livraison autre que le mode moins co\u00fbteux de livraison standard propos\u00e9 par nous), sans retard excessif et au plus tard quatorze (14) jours calendaires \u00e0 compter du jour o\u00f9 nous aurons re\u00e7u la communication de votre d\u00e9cision de r\u00e9tractation du pr\u00e9sent contrat. Pour ce remboursement, nous utilisons le m\u00eame moyen de paiement que celui que vous avez utilis\u00e9 pour la transaction initiale, \u00e0 moins qu&#8217;il n&#8217;en ait \u00e9t\u00e9 express\u00e9ment convenu autrement avec vous ; en aucun cas, des frais ne vous seront factur\u00e9s pour ce remboursement.<\/p>\n\n\n\n<p>Nous pouvons refuser le remboursement jusqu&#8217;\u00e0 ce que nous ayons r\u00e9cup\u00e9r\u00e9 les marchandises ou jusqu&#8217;\u00e0 ce que vous ayez fourni la preuve que vous avez renvoy\u00e9 les marchandises, la date retenue \u00e9tant celle du premier de ces faits.<\/p>\n\n\n\n<p>Vous devez nous renvoyer ou nous remettre les biens sans retard excessif et, en tout \u00e9tat de cause, au plus tard quatorze (14) jours calendaires \u00e0 compter du jour o\u00f9 vous nous informez de votre d\u00e9cision de r\u00e9tractation du pr\u00e9sent contrat. Le d\u00e9lai est respect\u00e9 si vous renvoyez les biens avant l&#8217;expiration du d\u00e9lai de quatorze (14) jours calendaires.<\/p>\n\n\n\n<p>Les frais directs de renvoi des marchandises sont \u00e0 votre charge.<\/p>\n\n\n\n<p>Vous ne devez prendre en charge une \u00e9ventuelle perte de valeur des marchandises que si cette perte de valeur est due \u00e0 une manipulation des marchandises qui n&#8217;est pas n\u00e9cessaire pour v\u00e9rifier leur nature, leurs caract\u00e9ristiques et leur fonctionnement.<\/p>\n\n\n\n<p>Vous n&#8217;avez pas le droit de vous r\u00e9tracter pour les marchandises qui ont \u00e9t\u00e9 livr\u00e9es scell\u00e9es et qui ne peuvent pas \u00eatre retourn\u00e9es pour des raisons de protection de la sant\u00e9 ou d&#8217;hygi\u00e8ne, si vous avez retir\u00e9 leur sceau apr\u00e8s la livraison.<\/p>\n\n\n\n<p><strong><strong><strong>Mod\u00e8le \u2013 Formulaire de r\u00e9tractation<\/strong><\/strong><\/strong><\/p>\n\n\n\n<figure class=\"wp-block-table\"><table><tbody><tr><td><strong><strong><strong>Mod\u00e8le \u2013 Formulaire de r\u00e9tractation<\/strong><\/strong><\/strong><\/td><\/tr><tr><td>(Si vous souhaitez r\u00e9silier le contrat, veuillez remplir ce formulaire et nous le retourner.)<\/td><\/tr><tr><td><br>\u00c0:<br>Kr\u00fcger Schweiz AG<br>Ankerstrasse 53, 8004 Z\u00fcrich<br>&#x73;&#117;&#x70;&#x70;o&#x72;&#116;&#64;&#x61;&#115;s&#x75;&#103;&#x72;&#x69;n&#x2e;&#99;h<br><br>Par la pr\u00e9sente, je\/nous (*) r\u00e9silie\/r\u00e9silions le contrat conclu par moi-m\u00eame\/nous (*) concernant l\u2019achat des marchandises suivantes<br><br>Command\u00e9es le (*)\/re\u00e7ues le (*)<br>Nom du\/des consommateur(s)<br>Adresse du\/des consommateur(s)<br><br>Date_____________________ \u00a0 \u00a0<br><br>Signature du\/des consommateur\/s\u00a0<em>(en cas de communication papier seulement)\u00a0<\/em>\u00a0______________________<\/td><\/tr><tr><td>(*) Rayer la mention inutile.<\/td><\/tr><tr><td>Mise \u00e0 jour : 01\/2023<\/td><\/tr><\/tbody><\/table><\/figure>\n\n\n\n<p><\/p>\n\n\n\n<div style=\"height:100px\" aria-hidden=\"true\" class=\"wp-block-spacer\"><\/div>\n","protected":false},"excerpt":{"rendered":"<p>Droit de r\u00e9tractation Vous avez le droit de r\u00e9silier le pr\u00e9sent contrat dans un d\u00e9lai de quatorze (14) jours calendaires sans donner de motif.contrat de r\u00e9tractation. Le d\u00e9lai de r\u00e9tractation est de quatorze (14) jours calendaires \u00e0 compter du jour o\u00f9 vous, ou un tiers autre que le transporteur et d\u00e9sign\u00e9 par vous, prenez ou [&hellip;]<\/p>\n","protected":false},"author":2,"featured_media":0,"parent":0,"menu_order":49,"comment_status":"closed","ping_status":"closed","template":"","meta":{"_acf_changed":false,"inline_featured_image":false,"kia_subtitle":"","footnotes":""},"tags":[],"class_list":["post-10178","page","type-page","status-publish","hentry"],"acf":[],"yoast_head":"<!-- This site is optimized with the Yoast SEO Premium plugin v24.2 (Yoast SEO v27.5) - https:\/\/yoast.com\/product\/yoast-seo-premium-wordpress\/ -->\n<title>Droit de r\u00e9tractation | ASSUGRIN<\/title>\n<meta name=\"robots\" content=\"noindex, follow\" \/>\n<meta property=\"og:locale\" content=\"fr_FR\" \/>\n<meta property=\"og:type\" content=\"article\" \/>\n<meta property=\"og:title\" content=\"Droit de r\u00e9tractation\" \/>\n<meta property=\"og:description\" content=\"Droit de r\u00e9tractation Vous avez le droit de r\u00e9silier le pr\u00e9sent contrat dans un d\u00e9lai de quatorze (14) jours calendaires sans donner de motif.contrat de r\u00e9tractation. Le d\u00e9lai de r\u00e9tractation est de quatorze (14) jours calendaires \u00e0 compter du jour o\u00f9 vous, ou un tiers autre que le transporteur et d\u00e9sign\u00e9 par vous, prenez ou [&hellip;]\" \/>\n<meta property=\"og:url\" content=\"https:\/\/www.assugrin.ch\/fr\/information-sur-le-droit-de-retractation\/\" \/>\n<meta property=\"og:site_name\" content=\"ASSUGRIN\" \/>\n<meta property=\"article:publisher\" content=\"https:\/\/www.facebook.com\/ASSUGRIN.ch\/\" \/>\n<meta property=\"article:modified_time\" content=\"2023-06-28T08:01:22+00:00\" \/>\n<meta name=\"twitter:card\" content=\"summary_large_image\" \/>\n<meta name=\"twitter:label1\" content=\"Est. reading time\" \/>\n\t<meta name=\"twitter:data1\" content=\"4 minutes\" \/>\n<script type=\"application\/ld+json\" class=\"yoast-schema-graph\">{\"@context\":\"https:\\\/\\\/schema.org\",\"@graph\":[{\"@type\":\"WebPage\",\"@id\":\"https:\\\/\\\/www.assugrin.ch\\\/fr\\\/information-sur-le-droit-de-retractation\\\/\",\"url\":\"https:\\\/\\\/www.assugrin.ch\\\/fr\\\/information-sur-le-droit-de-retractation\\\/\",\"name\":\"Droit de r\u00e9tractation | ASSUGRIN\",\"isPartOf\":{\"@id\":\"https:\\\/\\\/www.assugrin.ch\\\/fr\\\/#website\"},\"datePublished\":\"2022-11-04T16:19:01+00:00\",\"dateModified\":\"2023-06-28T08:01:22+00:00\",\"breadcrumb\":{\"@id\":\"https:\\\/\\\/www.assugrin.ch\\\/fr\\\/information-sur-le-droit-de-retractation\\\/#breadcrumb\"},\"inLanguage\":\"fr-FR\",\"potentialAction\":[{\"@type\":\"ReadAction\",\"target\":[\"https:\\\/\\\/www.assugrin.ch\\\/fr\\\/information-sur-le-droit-de-retractation\\\/\"]}]},{\"@type\":\"BreadcrumbList\",\"@id\":\"https:\\\/\\\/www.assugrin.ch\\\/fr\\\/information-sur-le-droit-de-retractation\\\/#breadcrumb\",\"itemListElement\":[{\"@type\":\"ListItem\",\"position\":1,\"name\":\"Accueil\",\"item\":\"https:\\\/\\\/www.assugrin.ch\\\/fr\\\/\"},{\"@type\":\"ListItem\",\"position\":2,\"name\":\"Droit de r\u00e9tractation\"}]},{\"@type\":\"WebSite\",\"@id\":\"https:\\\/\\\/www.assugrin.ch\\\/fr\\\/#website\",\"url\":\"https:\\\/\\\/www.assugrin.ch\\\/fr\\\/\",\"name\":\"ASSUGRIN\",\"description\":\"Die clevere Art zu S\u00fcssen\",\"publisher\":{\"@id\":\"https:\\\/\\\/www.assugrin.ch\\\/fr\\\/#organization\"},\"potentialAction\":[{\"@type\":\"SearchAction\",\"target\":{\"@type\":\"EntryPoint\",\"urlTemplate\":\"https:\\\/\\\/www.assugrin.ch\\\/fr\\\/?s={search_term_string}\"},\"query-input\":{\"@type\":\"PropertyValueSpecification\",\"valueRequired\":true,\"valueName\":\"search_term_string\"}}],\"inLanguage\":\"fr-FR\"},{\"@type\":\"Organization\",\"@id\":\"https:\\\/\\\/www.assugrin.ch\\\/fr\\\/#organization\",\"name\":\"ASSUGRIN\",\"alternateName\":\"Die clevere Art zu S\u00fcssen\",\"url\":\"https:\\\/\\\/www.assugrin.ch\\\/fr\\\/\",\"logo\":{\"@type\":\"ImageObject\",\"inLanguage\":\"fr-FR\",\"@id\":\"https:\\\/\\\/www.assugrin.ch\\\/fr\\\/#\\\/schema\\\/logo\\\/image\\\/\",\"url\":\"https:\\\/\\\/www.assugrin.ch\\\/wp-content\\\/uploads\\\/2022\\\/12\\\/logo-assugrin-faq.svg\",\"contentUrl\":\"https:\\\/\\\/www.assugrin.ch\\\/wp-content\\\/uploads\\\/2022\\\/12\\\/logo-assugrin-faq.svg\",\"width\":180,\"height\":180,\"caption\":\"ASSUGRIN\"},\"image\":{\"@id\":\"https:\\\/\\\/www.assugrin.ch\\\/fr\\\/#\\\/schema\\\/logo\\\/image\\\/\"},\"sameAs\":[\"https:\\\/\\\/www.facebook.com\\\/ASSUGRIN.ch\\\/\",\"https:\\\/\\\/www.instagram.com\\\/assugrin.ch\"]}]}<\/script>\n<!-- \/ Yoast SEO Premium plugin. -->","yoast_head_json":{"title":"Droit de r\u00e9tractation | ASSUGRIN","robots":{"index":"noindex","follow":"follow"},"og_locale":"fr_FR","og_type":"article","og_title":"Droit de r\u00e9tractation","og_description":"Droit de r\u00e9tractation Vous avez le droit de r\u00e9silier le pr\u00e9sent contrat dans un d\u00e9lai de quatorze (14) jours calendaires sans donner de motif.contrat de r\u00e9tractation. Le d\u00e9lai de r\u00e9tractation est de quatorze (14) jours calendaires \u00e0 compter du jour o\u00f9 vous, ou un tiers autre que le transporteur et d\u00e9sign\u00e9 par vous, prenez ou [&hellip;]","og_url":"https:\/\/www.assugrin.ch\/fr\/information-sur-le-droit-de-retractation\/","og_site_name":"ASSUGRIN","article_publisher":"https:\/\/www.facebook.com\/ASSUGRIN.ch\/","article_modified_time":"2023-06-28T08:01:22+00:00","twitter_card":"summary_large_image","twitter_misc":{"Est. reading time":"4 minutes"},"schema":{"@context":"https:\/\/schema.org","@graph":[{"@type":"WebPage","@id":"https:\/\/www.assugrin.ch\/fr\/information-sur-le-droit-de-retractation\/","url":"https:\/\/www.assugrin.ch\/fr\/information-sur-le-droit-de-retractation\/","name":"Droit de r\u00e9tractation | ASSUGRIN","isPartOf":{"@id":"https:\/\/www.assugrin.ch\/fr\/#website"},"datePublished":"2022-11-04T16:19:01+00:00","dateModified":"2023-06-28T08:01:22+00:00","breadcrumb":{"@id":"https:\/\/www.assugrin.ch\/fr\/information-sur-le-droit-de-retractation\/#breadcrumb"},"inLanguage":"fr-FR","potentialAction":[{"@type":"ReadAction","target":["https:\/\/www.assugrin.ch\/fr\/information-sur-le-droit-de-retractation\/"]}]},{"@type":"BreadcrumbList","@id":"https:\/\/www.assugrin.ch\/fr\/information-sur-le-droit-de-retractation\/#breadcrumb","itemListElement":[{"@type":"ListItem","position":1,"name":"Accueil","item":"https:\/\/www.assugrin.ch\/fr\/"},{"@type":"ListItem","position":2,"name":"Droit de r\u00e9tractation"}]},{"@type":"WebSite","@id":"https:\/\/www.assugrin.ch\/fr\/#website","url":"https:\/\/www.assugrin.ch\/fr\/","name":"ASSUGRIN","description":"Die clevere Art zu S\u00fcssen","publisher":{"@id":"https:\/\/www.assugrin.ch\/fr\/#organization"},"potentialAction":[{"@type":"SearchAction","target":{"@type":"EntryPoint","urlTemplate":"https:\/\/www.assugrin.ch\/fr\/?s={search_term_string}"},"query-input":{"@type":"PropertyValueSpecification","valueRequired":true,"valueName":"search_term_string"}}],"inLanguage":"fr-FR"},{"@type":"Organization","@id":"https:\/\/www.assugrin.ch\/fr\/#organization","name":"ASSUGRIN","alternateName":"Die clevere Art zu S\u00fcssen","url":"https:\/\/www.assugrin.ch\/fr\/","logo":{"@type":"ImageObject","inLanguage":"fr-FR","@id":"https:\/\/www.assugrin.ch\/fr\/#\/schema\/logo\/image\/","url":"https:\/\/www.assugrin.ch\/wp-content\/uploads\/2022\/12\/logo-assugrin-faq.svg","contentUrl":"https:\/\/www.assugrin.ch\/wp-content\/uploads\/2022\/12\/logo-assugrin-faq.svg","width":180,"height":180,"caption":"ASSUGRIN"},"image":{"@id":"https:\/\/www.assugrin.ch\/fr\/#\/schema\/logo\/image\/"},"sameAs":["https:\/\/www.facebook.com\/ASSUGRIN.ch\/","https:\/\/www.instagram.com\/assugrin.ch"]}]}},"_links":{"self":[{"href":"https:\/\/www.assugrin.ch\/fr\/wp-json\/wp\/v2\/pages\/10178","targetHints":{"allow":["GET"]}}],"collection":[{"href":"https:\/\/www.assugrin.ch\/fr\/wp-json\/wp\/v2\/pages"}],"about":[{"href":"https:\/\/www.assugrin.ch\/fr\/wp-json\/wp\/v2\/types\/page"}],"author":[{"embeddable":true,"href":"https:\/\/www.assugrin.ch\/fr\/wp-json\/wp\/v2\/users\/2"}],"replies":[{"embeddable":true,"href":"https:\/\/www.assugrin.ch\/fr\/wp-json\/wp\/v2\/comments?post=10178"}],"version-history":[{"count":0,"href":"https:\/\/www.assugrin.ch\/fr\/wp-json\/wp\/v2\/pages\/10178\/revisions"}],"wp:attachment":[{"href":"https:\/\/www.assugrin.ch\/fr\/wp-json\/wp\/v2\/media?parent=10178"}],"wp:term":[{"taxonomy":"post_tag","embeddable":true,"href":"https:\/\/www.assugrin.ch\/fr\/wp-json\/wp\/v2\/tags?post=10178"}],"curies":[{"name":"wp","href":"https:\/\/api.w.org\/{rel}","templated":true}]}}