{"id":10179,"date":"2022-11-04T17:20:04","date_gmt":"2022-11-04T16:20:04","guid":{"rendered":"http:\/\/dev.modularte.de\/ASSUGRIN-WP\/zahlung-versand\/"},"modified":"2026-03-04T11:11:27","modified_gmt":"2026-03-04T10:11:27","slug":"paiement-et-livraison","status":"publish","type":"page","link":"https:\/\/www.assugrin.ch\/fr\/paiement-et-livraison\/","title":{"rendered":"Paiement et exp\u00e9dition"},"content":{"rendered":"\n<p>Les conditions suivantes s&#8217;appliquent:<\/p>\n\n\n\n<p>La livraison de la marchandise s&#8217;effectue en Suisse.<br><strong>Frais d&#8217;exp\u00e9dition<\/strong> (TVA l\u00e9gale incluse)<\/p>\n\n\n\n<figure class=\"wp-block-table\"><table><tbody><tr><td><strong>Frais d&#8217;envoi des colis<\/strong><\/td><td><strong>Forfait<\/strong><\/td><\/tr><tr><td>Schweiz<\/td><td>CHF 9.-<\/td><\/tr><\/tbody><\/table><\/figure>\n\n\n\n<p>nous livrons sans frais de port \u00e0 partir d&#8217;un montant de commande de 50 CHF.<\/p>\n\n\n\n<p><strong>Modes de paiement accept\u00e9s<\/strong><\/p>\n\n\n\n<ul class=\"wp-block-list\">\n<li>Paiement par carte de cr\u00e9dit<\/li>\n\n\n\n<li>Paiement par PayPal&nbsp;<\/li>\n\n\n\n<li>Paiement par Twint<\/li>\n\n\n\n<li>Paiement par facture<\/li>\n<\/ul>\n\n\n\n<p><strong>Autres d\u00e9tails concernant le paiement<\/strong><\/p>\n\n\n\n<p>En cas de paiement par carte de cr\u00e9dit, le compte de votre carte de cr\u00e9dit est d\u00e9bit\u00e9 au moment de la conclusion du contrat.<\/p>\n\n\n\n<div style=\"height:50px\" aria-hidden=\"true\" class=\"wp-block-spacer\"><\/div>\n","protected":false},"excerpt":{"rendered":"<p>Les conditions suivantes s&#8217;appliquent: La livraison de la marchandise s&#8217;effectue en Suisse.Frais d&#8217;exp\u00e9dition (TVA l\u00e9gale incluse) Frais d&#8217;envoi des colis Forfait Schweiz CHF 9.- nous livrons sans frais de port \u00e0 partir d&#8217;un montant de commande de 50 CHF. Modes de paiement accept\u00e9s Autres d\u00e9tails concernant le paiement En cas de paiement par carte de [&hellip;]<\/p>\n","protected":false},"author":2,"featured_media":0,"parent":0,"menu_order":52,"comment_status":"closed","ping_status":"closed","template":"","meta":{"_acf_changed":false,"inline_featured_image":false,"kia_subtitle":"","footnotes":""},"tags":[],"class_list":["post-10179","page","type-page","status-publish","hentry"],"acf":[],"yoast_head":"<!-- This site is optimized with the Yoast SEO Premium plugin v24.2 (Yoast SEO v27.5) - https:\/\/yoast.com\/product\/yoast-seo-premium-wordpress\/ -->\n<title>Paiement et exp\u00e9dition | ASSUGRIN<\/title>\n<meta name=\"robots\" content=\"noindex, follow\" \/>\n<meta property=\"og:locale\" content=\"fr_FR\" \/>\n<meta property=\"og:type\" content=\"article\" \/>\n<meta property=\"og:title\" content=\"Paiement et exp\u00e9dition\" \/>\n<meta property=\"og:description\" content=\"Les conditions suivantes s&#8217;appliquent: La livraison de la marchandise s&#8217;effectue en Suisse.Frais d&#8217;exp\u00e9dition (TVA l\u00e9gale incluse) Frais d&#8217;envoi des colis Forfait Schweiz CHF 9.- nous livrons sans frais de port \u00e0 partir d&#8217;un montant de commande de 50 CHF. Modes de paiement accept\u00e9s Autres d\u00e9tails concernant le paiement En cas de paiement par carte de [&hellip;]\" \/>\n<meta property=\"og:url\" content=\"https:\/\/www.assugrin.ch\/fr\/paiement-et-livraison\/\" \/>\n<meta property=\"og:site_name\" content=\"ASSUGRIN\" \/>\n<meta property=\"article:publisher\" content=\"https:\/\/www.facebook.com\/ASSUGRIN.ch\/\" \/>\n<meta property=\"article:modified_time\" content=\"2026-03-04T10:11:27+00:00\" \/>\n<meta name=\"twitter:card\" content=\"summary_large_image\" \/>\n<meta name=\"twitter:label1\" content=\"Est. reading time\" \/>\n\t<meta name=\"twitter:data1\" content=\"1 minute\" \/>\n<script type=\"application\/ld+json\" class=\"yoast-schema-graph\">{\"@context\":\"https:\\\/\\\/schema.org\",\"@graph\":[{\"@type\":\"WebPage\",\"@id\":\"https:\\\/\\\/www.assugrin.ch\\\/fr\\\/paiement-et-livraison\\\/\",\"url\":\"https:\\\/\\\/www.assugrin.ch\\\/fr\\\/paiement-et-livraison\\\/\",\"name\":\"Paiement et exp\u00e9dition | ASSUGRIN\",\"isPartOf\":{\"@id\":\"https:\\\/\\\/www.assugrin.ch\\\/fr\\\/#website\"},\"datePublished\":\"2022-11-04T16:20:04+00:00\",\"dateModified\":\"2026-03-04T10:11:27+00:00\",\"breadcrumb\":{\"@id\":\"https:\\\/\\\/www.assugrin.ch\\\/fr\\\/paiement-et-livraison\\\/#breadcrumb\"},\"inLanguage\":\"fr-FR\",\"potentialAction\":[{\"@type\":\"ReadAction\",\"target\":[\"https:\\\/\\\/www.assugrin.ch\\\/fr\\\/paiement-et-livraison\\\/\"]}]},{\"@type\":\"BreadcrumbList\",\"@id\":\"https:\\\/\\\/www.assugrin.ch\\\/fr\\\/paiement-et-livraison\\\/#breadcrumb\",\"itemListElement\":[{\"@type\":\"ListItem\",\"position\":1,\"name\":\"Accueil\",\"item\":\"https:\\\/\\\/www.assugrin.ch\\\/fr\\\/\"},{\"@type\":\"ListItem\",\"position\":2,\"name\":\"Paiement et exp\u00e9dition\"}]},{\"@type\":\"WebSite\",\"@id\":\"https:\\\/\\\/www.assugrin.ch\\\/fr\\\/#website\",\"url\":\"https:\\\/\\\/www.assugrin.ch\\\/fr\\\/\",\"name\":\"ASSUGRIN\",\"description\":\"Die clevere Art zu S\u00fcssen\",\"publisher\":{\"@id\":\"https:\\\/\\\/www.assugrin.ch\\\/fr\\\/#organization\"},\"potentialAction\":[{\"@type\":\"SearchAction\",\"target\":{\"@type\":\"EntryPoint\",\"urlTemplate\":\"https:\\\/\\\/www.assugrin.ch\\\/fr\\\/?s={search_term_string}\"},\"query-input\":{\"@type\":\"PropertyValueSpecification\",\"valueRequired\":true,\"valueName\":\"search_term_string\"}}],\"inLanguage\":\"fr-FR\"},{\"@type\":\"Organization\",\"@id\":\"https:\\\/\\\/www.assugrin.ch\\\/fr\\\/#organization\",\"name\":\"ASSUGRIN\",\"alternateName\":\"Die clevere Art zu S\u00fcssen\",\"url\":\"https:\\\/\\\/www.assugrin.ch\\\/fr\\\/\",\"logo\":{\"@type\":\"ImageObject\",\"inLanguage\":\"fr-FR\",\"@id\":\"https:\\\/\\\/www.assugrin.ch\\\/fr\\\/#\\\/schema\\\/logo\\\/image\\\/\",\"url\":\"https:\\\/\\\/www.assugrin.ch\\\/wp-content\\\/uploads\\\/2022\\\/12\\\/logo-assugrin-faq.svg\",\"contentUrl\":\"https:\\\/\\\/www.assugrin.ch\\\/wp-content\\\/uploads\\\/2022\\\/12\\\/logo-assugrin-faq.svg\",\"width\":180,\"height\":180,\"caption\":\"ASSUGRIN\"},\"image\":{\"@id\":\"https:\\\/\\\/www.assugrin.ch\\\/fr\\\/#\\\/schema\\\/logo\\\/image\\\/\"},\"sameAs\":[\"https:\\\/\\\/www.facebook.com\\\/ASSUGRIN.ch\\\/\",\"https:\\\/\\\/www.instagram.com\\\/assugrin.ch\"]}]}<\/script>\n<!-- \/ Yoast SEO Premium plugin. -->","yoast_head_json":{"title":"Paiement et exp\u00e9dition | ASSUGRIN","robots":{"index":"noindex","follow":"follow"},"og_locale":"fr_FR","og_type":"article","og_title":"Paiement et exp\u00e9dition","og_description":"Les conditions suivantes s&#8217;appliquent: La livraison de la marchandise s&#8217;effectue en Suisse.Frais d&#8217;exp\u00e9dition (TVA l\u00e9gale incluse) Frais d&#8217;envoi des colis Forfait Schweiz CHF 9.- nous livrons sans frais de port \u00e0 partir d&#8217;un montant de commande de 50 CHF. Modes de paiement accept\u00e9s Autres d\u00e9tails concernant le paiement En cas de paiement par carte de [&hellip;]","og_url":"https:\/\/www.assugrin.ch\/fr\/paiement-et-livraison\/","og_site_name":"ASSUGRIN","article_publisher":"https:\/\/www.facebook.com\/ASSUGRIN.ch\/","article_modified_time":"2026-03-04T10:11:27+00:00","twitter_card":"summary_large_image","twitter_misc":{"Est. reading time":"1 minute"},"schema":{"@context":"https:\/\/schema.org","@graph":[{"@type":"WebPage","@id":"https:\/\/www.assugrin.ch\/fr\/paiement-et-livraison\/","url":"https:\/\/www.assugrin.ch\/fr\/paiement-et-livraison\/","name":"Paiement et exp\u00e9dition | ASSUGRIN","isPartOf":{"@id":"https:\/\/www.assugrin.ch\/fr\/#website"},"datePublished":"2022-11-04T16:20:04+00:00","dateModified":"2026-03-04T10:11:27+00:00","breadcrumb":{"@id":"https:\/\/www.assugrin.ch\/fr\/paiement-et-livraison\/#breadcrumb"},"inLanguage":"fr-FR","potentialAction":[{"@type":"ReadAction","target":["https:\/\/www.assugrin.ch\/fr\/paiement-et-livraison\/"]}]},{"@type":"BreadcrumbList","@id":"https:\/\/www.assugrin.ch\/fr\/paiement-et-livraison\/#breadcrumb","itemListElement":[{"@type":"ListItem","position":1,"name":"Accueil","item":"https:\/\/www.assugrin.ch\/fr\/"},{"@type":"ListItem","position":2,"name":"Paiement et exp\u00e9dition"}]},{"@type":"WebSite","@id":"https:\/\/www.assugrin.ch\/fr\/#website","url":"https:\/\/www.assugrin.ch\/fr\/","name":"ASSUGRIN","description":"Die clevere Art zu S\u00fcssen","publisher":{"@id":"https:\/\/www.assugrin.ch\/fr\/#organization"},"potentialAction":[{"@type":"SearchAction","target":{"@type":"EntryPoint","urlTemplate":"https:\/\/www.assugrin.ch\/fr\/?s={search_term_string}"},"query-input":{"@type":"PropertyValueSpecification","valueRequired":true,"valueName":"search_term_string"}}],"inLanguage":"fr-FR"},{"@type":"Organization","@id":"https:\/\/www.assugrin.ch\/fr\/#organization","name":"ASSUGRIN","alternateName":"Die clevere Art zu S\u00fcssen","url":"https:\/\/www.assugrin.ch\/fr\/","logo":{"@type":"ImageObject","inLanguage":"fr-FR","@id":"https:\/\/www.assugrin.ch\/fr\/#\/schema\/logo\/image\/","url":"https:\/\/www.assugrin.ch\/wp-content\/uploads\/2022\/12\/logo-assugrin-faq.svg","contentUrl":"https:\/\/www.assugrin.ch\/wp-content\/uploads\/2022\/12\/logo-assugrin-faq.svg","width":180,"height":180,"caption":"ASSUGRIN"},"image":{"@id":"https:\/\/www.assugrin.ch\/fr\/#\/schema\/logo\/image\/"},"sameAs":["https:\/\/www.facebook.com\/ASSUGRIN.ch\/","https:\/\/www.instagram.com\/assugrin.ch"]}]}},"_links":{"self":[{"href":"https:\/\/www.assugrin.ch\/fr\/wp-json\/wp\/v2\/pages\/10179","targetHints":{"allow":["GET"]}}],"collection":[{"href":"https:\/\/www.assugrin.ch\/fr\/wp-json\/wp\/v2\/pages"}],"about":[{"href":"https:\/\/www.assugrin.ch\/fr\/wp-json\/wp\/v2\/types\/page"}],"author":[{"embeddable":true,"href":"https:\/\/www.assugrin.ch\/fr\/wp-json\/wp\/v2\/users\/2"}],"replies":[{"embeddable":true,"href":"https:\/\/www.assugrin.ch\/fr\/wp-json\/wp\/v2\/comments?post=10179"}],"version-history":[{"count":1,"href":"https:\/\/www.assugrin.ch\/fr\/wp-json\/wp\/v2\/pages\/10179\/revisions"}],"predecessor-version":[{"id":24688,"href":"https:\/\/www.assugrin.ch\/fr\/wp-json\/wp\/v2\/pages\/10179\/revisions\/24688"}],"wp:attachment":[{"href":"https:\/\/www.assugrin.ch\/fr\/wp-json\/wp\/v2\/media?parent=10179"}],"wp:term":[{"taxonomy":"post_tag","embeddable":true,"href":"https:\/\/www.assugrin.ch\/fr\/wp-json\/wp\/v2\/tags?post=10179"}],"curies":[{"name":"wp","href":"https:\/\/api.w.org\/{rel}","templated":true}]}}