{"id":2090,"date":"2017-06-17T16:50:13","date_gmt":"2017-06-17T14:50:13","guid":{"rendered":"https:\/\/beta.assugrin.ch\/adi-rechner\/"},"modified":"2024-03-22T15:16:48","modified_gmt":"2024-03-22T14:16:48","slug":"calculateur-dja","status":"publish","type":"page","link":"https:\/\/www.assugrin.ch\/fr\/calculateur-dja\/","title":{"rendered":"Calculateur DJA"},"content":{"rendered":"\n<div style=\"height:50px\" aria-hidden=\"true\" class=\"wp-block-spacer\"><\/div>\n\n\n\n<script>\n  function compute( form ) {\n    \/\/ Assugrin Gold\n    var gold = form.kilo.value * 2.222;\n    \/\/ Anzahl Stueck\n    form.gold_out.value = Math.round (gold);\n    \/\/ entspricht Zucker in gr\n    form.gold_out2.value = Math.round (gold * 4);\n    \/\/ Wuerfelzucker\n    form.gold_sugar.value = Math.round (gold);\n\n    \/\/ Assugrin Classic\n    var co = form.kilo.value * 0.33;\n    \/\/ Anzahl Stueck\n    form.classic_out.value = Math.round (co);\n    \/\/ entspricht Zucker in gr\n    form.classic_out2.value = Math.round (co * 4);\n    \/\/ Wuerfelzucker\n    form.classic_sugar.value = Math.round (co);\n\n    \/\/ Assugrin Suesspulver\n    var so = form.kilo.value * 0.182;\n    \/\/ TL\n    form.sweet_out.value = Math.round (so);\n    \/\/ Gramm\n    form.sweet_out2.value = Math.round (so * 0.5);\n    \/\/ entspricht Zucker in gr\n    form.sweet_sugar.value = Math.round (so * 5);\n\n    \/\/ Assugrin Fluessig\n    \/\/ Tropfen\n    var lo = form.kilo.value * 2.92;\n    form.liquid_out.value = Math.round (lo);\n    \/\/ ml\n    var lomg = form.kilo.value * 0.146;\n    form.liquid_out2.value = Math.round (lomg);\n    \/\/ entspricht Zucker in gr\n    form.liquid_sugar.value = Math.round (lo * 0.5);\n\n    \/\/ Assugrin Streuzucker\n    \/\/ var so = form.kilo.value * 0.9;\n    \/\/ \/\/ TL\n    \/\/ form.streu_out.value = Math.round (so);\n    \/\/ \/\/ Gramm\n    \/\/ form.streu_out2.value = Math.round (so * 4);\n    \/\/ \/\/ entspricht Zucker in gr\n    \/\/ form.streu_sugar.value = Math.round (so * 8);\n\n    \/\/ Assugrin Zuckerersatz\n    var so = form.kilo.value * 4.5;\n    \/\/ TL\n    form.back_out.value = Math.round (so);\n    \/\/ Gramm\n    form.back_out2.value = Math.round (so * 4);\n    \/\/ entspricht Zucker in gr\n    form.back_sugar.value = Math.round (so * 4);\n  }\n\n  function ClearForm( form ) {\n    form.kilo.value = \"\";\n    form.gold_out.value = \"\";\n    form.gold_out2.value = \"\";\n    form.gold_sugar.value = \"\";\n    form.classic_out.value = \"\";\n    form.classic_out2.value = \"\";\n    form.classic_sugar.value = \"\";\n    form.sweet_out.value = \"\";\n    form.sweet_out2.value = \"\";\n    form.sweet_sugar.value = \"\";\n    form.liquid_out.value  = \"\";\n    form.liquid_out2.value = \"\";\n    form.liquid_sugar.value = \"\";\n    \/\/ form.streu_out.value  = \"\";\n    \/\/ form.streu_out2.value = \"\";\n    \/\/ form.streu_sugar.value = \"\";\n    form.back_out.value = \"\";\n    form.back_out2.value = \"\";\n    form.back_sugar.value = \"\";\n  }\n<\/script>\n\n<div id=\"adi-calculator-block_60f24f416dc2465462a92adc1dafd9ed\" class=\"adi-calculator\">\n  <form>\n    <div class=\"data-wrapper alignfull\">\n      <div class=\"frame-content\">\n        <table class=\"data\">\n          <tr>\n            <td><strong>Votre poids corporel (en kg):<\/strong><\/td>\n            <td>\n              <input type=\"text\" name=\"kilo\" align=\"right\" \/>\n            <\/td>\n            <td>\n              <input name=\"button\" type=\"button\" onClick=\"compute(this.form)\" value=\"calculer\" \/>\n            <\/td>\n            <td>\n              <input name=\"button\" type=\"button\" onClick=\"ClearForm(this.form)\" value=\"effacer\" \/>\n            <\/td>\n          <\/tr>\n        <\/table>\n      <\/div>\n    <\/div>\n\n    <table class=\"result\">\n      <tr class=\"header\">\n        <td colspan=\"7\" class=\"headline\"> <strong>Assugrin Gold<\/strong><\/td>\n      <\/tr>\n      <tr>\n        <td>Pi\u00e8ces<\/td>\n        <td lcass=\"spacer\"><input type=\"text\" name=\"gold_out\"\/><\/td>\n        <td>soit par jour<\/td>\n        <td><input type=\"text\" name=\"gold_out2\"\/><\/td>\n        <td>g de sucre ou correspond \u00e0<\/td>\n        <td><input type=\"text\" name=\"gold_sugar\"\/><\/td>\n        <td>comprim\u00e9s.<\/td>\n      <\/tr>\n\n      <tr class=\"header\">\n        <td colspan=\"7\" class=\"headline\"><strong>Assugrin Original Comprim\u00e9s<\/strong><\/td>\n      <\/tr>\n      <tr>\n        <td>Pi\u00e8ces<\/td>\n        <td><input type=\"text\" name=\"classic_out\"\/><\/td>\n        <td>soit par jour<\/td>\n        <td><input type=\"text\" name=\"classic_out2\"\/><\/td>\n        <td>g de sucre ou correspond \u00e0<\/td>\n        <td><input type=\"text\" name=\"classic_sugar\"\/><\/td>\n        <td>comprim\u00e9s.<\/td>\n      <\/tr>\n\n      <tr class=\"header\">\n        <td colspan=\"7\" class=\"headline\"><strong>Assugrin Original en Poudre<\/strong><\/td>\n      <\/tr>\n      <tr>\n        <td>cc (ou cuill\u00e8re \u00e0 caf\u00e9)<\/td>\n        <td><input type=\"text\" name=\"sweet_out\"\/>\n        <td>g.<\/td>\n        <td><input type=\"text\" name=\"sweet_out2\"\/><\/td>\n        <td>soit par jour correspond \u00e0<\/td>\n        <td><input type=\"text\" name=\"sweet_sugar\"\/><\/td>\n        <td>comprim\u00e9s.<\/td>\n      <\/tr>\n\n      <tr class=\"header\">\n        <td colspan=\"7\" class=\"headline\"><strong>Assugrin Original Liquide<\/strong><\/td>\n      <\/tr>\n      <tr>\n        <td>gouttes<\/td>\n        <td><input type=\"text\" name=\"liquid_out\"\/><\/td>\n        <td>g.<\/td>\n        <td><input type=\"text\" name=\"liquid_out2\"\/><\/td>\n        <td>soit par jour correspond \u00e0<\/td>\n        <td><input type=\"text\" name=\"liquid_sugar\"\/><\/td>\n        <td>comprim\u00e9s.<\/td>\n      <\/tr>\n<!-- \n      <tr class=\"header\">\n        <td colspan=\"7\" class=\"headline\"><strong>Assugrin Kristall en Poudre<\/strong><\/td>\n      <\/tr>\n      <tr>\n        <td>cc (ou cuill\u00e8re \u00e0 caf\u00e9)<\/td>\n        <td><input type=\"text\" name=\"streu_out\"\/><\/td>\n        <td>g.<\/td>\n        <td><input type=\"text\" name=\"streu_out2\"\/><\/td>\n        <td>soit par jour correspond \u00e0<\/td>\n        <td><input type=\"text\" name=\"streu_sugar\"\/><\/td>\n        <td>comprim\u00e9s.<\/td>\n      <\/tr> -->\n\n      <tr class=\"header\">\n        <td colspan=\"7\" class=\"headline\"><strong>Substitut de sucre Assugrine<\/strong><\/td>\n      <\/tr>\n      <tr>\n        <td>cc (ou cuill\u00e8re \u00e0 caf\u00e9)<\/td>\n        <td><input type=\"text\" name=\"back_out\"\/><\/td>\n        <td>g.<\/td>\n        <td><input type=\"text\" name=\"back_out2\"\/><\/td>\n        <td>soit par jour correspond \u00e0<\/td>\n        <td><input type=\"text\" name=\"back_sugar\"\/><\/td>\n        <td>comprim\u00e9s.<\/td>\n      <\/tr>\n    <\/table>\n  <\/form>\n<\/div>","protected":false},"excerpt":{"rendered":"","protected":false},"author":2,"featured_media":0,"parent":0,"menu_order":40,"comment_status":"closed","ping_status":"closed","template":"","meta":{"_acf_changed":false,"inline_featured_image":false,"kia_subtitle":"","footnotes":""},"tags":[],"class_list":["post-2090","page","type-page","status-publish","hentry"],"acf":[],"yoast_head":"<!-- This site is optimized with the Yoast SEO Premium plugin v24.2 (Yoast SEO v27.5) - https:\/\/yoast.com\/product\/yoast-seo-premium-wordpress\/ -->\n<title>Calculateur DJA | ASSUGRIN<\/title>\n<meta name=\"description\" content=\"Le calculateur DJA vous permet de d\u00e9finir la dose journali\u00e8re de sucre que vous pouvez consommer tout au long de votre vie, sans danger pour votre sant\u00e9.\" \/>\n<meta name=\"robots\" content=\"index, follow, max-snippet:-1, max-image-preview:large, max-video-preview:-1\" \/>\n<link rel=\"canonical\" href=\"https:\/\/www.assugrin.ch\/fr\/calculateur-dja\/\" \/>\n<meta property=\"og:locale\" content=\"fr_FR\" \/>\n<meta property=\"og:type\" content=\"article\" \/>\n<meta property=\"og:title\" content=\"Calculateur DJA\" \/>\n<meta property=\"og:description\" content=\"Le calculateur DJA vous permet de d\u00e9finir la dose journali\u00e8re de sucre que vous pouvez consommer tout au long de votre vie, sans danger pour votre sant\u00e9.\" \/>\n<meta property=\"og:url\" content=\"https:\/\/www.assugrin.ch\/fr\/calculateur-dja\/\" \/>\n<meta property=\"og:site_name\" content=\"ASSUGRIN\" \/>\n<meta property=\"article:publisher\" content=\"https:\/\/www.facebook.com\/ASSUGRIN.ch\/\" \/>\n<meta property=\"article:modified_time\" content=\"2024-03-22T14:16:48+00:00\" \/>\n<meta name=\"twitter:card\" content=\"summary_large_image\" \/>\n<script type=\"application\/ld+json\" class=\"yoast-schema-graph\">{\"@context\":\"https:\\\/\\\/schema.org\",\"@graph\":[{\"@type\":\"WebPage\",\"@id\":\"https:\\\/\\\/www.assugrin.ch\\\/fr\\\/calculateur-dja\\\/\",\"url\":\"https:\\\/\\\/www.assugrin.ch\\\/fr\\\/calculateur-dja\\\/\",\"name\":\"Calculateur DJA | ASSUGRIN\",\"isPartOf\":{\"@id\":\"https:\\\/\\\/www.assugrin.ch\\\/fr\\\/#website\"},\"datePublished\":\"2017-06-17T14:50:13+00:00\",\"dateModified\":\"2024-03-22T14:16:48+00:00\",\"description\":\"Le calculateur DJA vous permet de d\u00e9finir la dose journali\u00e8re de sucre que vous pouvez consommer tout au long de votre vie, sans danger pour votre sant\u00e9.\",\"breadcrumb\":{\"@id\":\"https:\\\/\\\/www.assugrin.ch\\\/fr\\\/calculateur-dja\\\/#breadcrumb\"},\"inLanguage\":\"fr-FR\",\"potentialAction\":[{\"@type\":\"ReadAction\",\"target\":[\"https:\\\/\\\/www.assugrin.ch\\\/fr\\\/calculateur-dja\\\/\"]}]},{\"@type\":\"BreadcrumbList\",\"@id\":\"https:\\\/\\\/www.assugrin.ch\\\/fr\\\/calculateur-dja\\\/#breadcrumb\",\"itemListElement\":[{\"@type\":\"ListItem\",\"position\":1,\"name\":\"Accueil\",\"item\":\"https:\\\/\\\/www.assugrin.ch\\\/fr\\\/\"},{\"@type\":\"ListItem\",\"position\":2,\"name\":\"Calculateur DJA\"}]},{\"@type\":\"WebSite\",\"@id\":\"https:\\\/\\\/www.assugrin.ch\\\/fr\\\/#website\",\"url\":\"https:\\\/\\\/www.assugrin.ch\\\/fr\\\/\",\"name\":\"ASSUGRIN\",\"description\":\"Die clevere Art zu S\u00fcssen\",\"publisher\":{\"@id\":\"https:\\\/\\\/www.assugrin.ch\\\/fr\\\/#organization\"},\"potentialAction\":[{\"@type\":\"SearchAction\",\"target\":{\"@type\":\"EntryPoint\",\"urlTemplate\":\"https:\\\/\\\/www.assugrin.ch\\\/fr\\\/?s={search_term_string}\"},\"query-input\":{\"@type\":\"PropertyValueSpecification\",\"valueRequired\":true,\"valueName\":\"search_term_string\"}}],\"inLanguage\":\"fr-FR\"},{\"@type\":\"Organization\",\"@id\":\"https:\\\/\\\/www.assugrin.ch\\\/fr\\\/#organization\",\"name\":\"ASSUGRIN\",\"alternateName\":\"Die clevere Art zu S\u00fcssen\",\"url\":\"https:\\\/\\\/www.assugrin.ch\\\/fr\\\/\",\"logo\":{\"@type\":\"ImageObject\",\"inLanguage\":\"fr-FR\",\"@id\":\"https:\\\/\\\/www.assugrin.ch\\\/fr\\\/#\\\/schema\\\/logo\\\/image\\\/\",\"url\":\"https:\\\/\\\/www.assugrin.ch\\\/wp-content\\\/uploads\\\/2022\\\/12\\\/logo-assugrin-faq.svg\",\"contentUrl\":\"https:\\\/\\\/www.assugrin.ch\\\/wp-content\\\/uploads\\\/2022\\\/12\\\/logo-assugrin-faq.svg\",\"width\":180,\"height\":180,\"caption\":\"ASSUGRIN\"},\"image\":{\"@id\":\"https:\\\/\\\/www.assugrin.ch\\\/fr\\\/#\\\/schema\\\/logo\\\/image\\\/\"},\"sameAs\":[\"https:\\\/\\\/www.facebook.com\\\/ASSUGRIN.ch\\\/\",\"https:\\\/\\\/www.instagram.com\\\/assugrin.ch\"]}]}<\/script>\n<!-- \/ Yoast SEO Premium plugin. -->","yoast_head_json":{"title":"Calculateur DJA | ASSUGRIN","description":"Le calculateur DJA vous permet de d\u00e9finir la dose journali\u00e8re de sucre que vous pouvez consommer tout au long de votre vie, sans danger pour votre sant\u00e9.","robots":{"index":"index","follow":"follow","max-snippet":"max-snippet:-1","max-image-preview":"max-image-preview:large","max-video-preview":"max-video-preview:-1"},"canonical":"https:\/\/www.assugrin.ch\/fr\/calculateur-dja\/","og_locale":"fr_FR","og_type":"article","og_title":"Calculateur DJA","og_description":"Le calculateur DJA vous permet de d\u00e9finir la dose journali\u00e8re de sucre que vous pouvez consommer tout au long de votre vie, sans danger pour votre sant\u00e9.","og_url":"https:\/\/www.assugrin.ch\/fr\/calculateur-dja\/","og_site_name":"ASSUGRIN","article_publisher":"https:\/\/www.facebook.com\/ASSUGRIN.ch\/","article_modified_time":"2024-03-22T14:16:48+00:00","twitter_card":"summary_large_image","schema":{"@context":"https:\/\/schema.org","@graph":[{"@type":"WebPage","@id":"https:\/\/www.assugrin.ch\/fr\/calculateur-dja\/","url":"https:\/\/www.assugrin.ch\/fr\/calculateur-dja\/","name":"Calculateur DJA | ASSUGRIN","isPartOf":{"@id":"https:\/\/www.assugrin.ch\/fr\/#website"},"datePublished":"2017-06-17T14:50:13+00:00","dateModified":"2024-03-22T14:16:48+00:00","description":"Le calculateur DJA vous permet de d\u00e9finir la dose journali\u00e8re de sucre que vous pouvez consommer tout au long de votre vie, sans danger pour votre sant\u00e9.","breadcrumb":{"@id":"https:\/\/www.assugrin.ch\/fr\/calculateur-dja\/#breadcrumb"},"inLanguage":"fr-FR","potentialAction":[{"@type":"ReadAction","target":["https:\/\/www.assugrin.ch\/fr\/calculateur-dja\/"]}]},{"@type":"BreadcrumbList","@id":"https:\/\/www.assugrin.ch\/fr\/calculateur-dja\/#breadcrumb","itemListElement":[{"@type":"ListItem","position":1,"name":"Accueil","item":"https:\/\/www.assugrin.ch\/fr\/"},{"@type":"ListItem","position":2,"name":"Calculateur DJA"}]},{"@type":"WebSite","@id":"https:\/\/www.assugrin.ch\/fr\/#website","url":"https:\/\/www.assugrin.ch\/fr\/","name":"ASSUGRIN","description":"Die clevere Art zu S\u00fcssen","publisher":{"@id":"https:\/\/www.assugrin.ch\/fr\/#organization"},"potentialAction":[{"@type":"SearchAction","target":{"@type":"EntryPoint","urlTemplate":"https:\/\/www.assugrin.ch\/fr\/?s={search_term_string}"},"query-input":{"@type":"PropertyValueSpecification","valueRequired":true,"valueName":"search_term_string"}}],"inLanguage":"fr-FR"},{"@type":"Organization","@id":"https:\/\/www.assugrin.ch\/fr\/#organization","name":"ASSUGRIN","alternateName":"Die clevere Art zu S\u00fcssen","url":"https:\/\/www.assugrin.ch\/fr\/","logo":{"@type":"ImageObject","inLanguage":"fr-FR","@id":"https:\/\/www.assugrin.ch\/fr\/#\/schema\/logo\/image\/","url":"https:\/\/www.assugrin.ch\/wp-content\/uploads\/2022\/12\/logo-assugrin-faq.svg","contentUrl":"https:\/\/www.assugrin.ch\/wp-content\/uploads\/2022\/12\/logo-assugrin-faq.svg","width":180,"height":180,"caption":"ASSUGRIN"},"image":{"@id":"https:\/\/www.assugrin.ch\/fr\/#\/schema\/logo\/image\/"},"sameAs":["https:\/\/www.facebook.com\/ASSUGRIN.ch\/","https:\/\/www.instagram.com\/assugrin.ch"]}]}},"_links":{"self":[{"href":"https:\/\/www.assugrin.ch\/fr\/wp-json\/wp\/v2\/pages\/2090","targetHints":{"allow":["GET"]}}],"collection":[{"href":"https:\/\/www.assugrin.ch\/fr\/wp-json\/wp\/v2\/pages"}],"about":[{"href":"https:\/\/www.assugrin.ch\/fr\/wp-json\/wp\/v2\/types\/page"}],"author":[{"embeddable":true,"href":"https:\/\/www.assugrin.ch\/fr\/wp-json\/wp\/v2\/users\/2"}],"replies":[{"embeddable":true,"href":"https:\/\/www.assugrin.ch\/fr\/wp-json\/wp\/v2\/comments?post=2090"}],"version-history":[{"count":0,"href":"https:\/\/www.assugrin.ch\/fr\/wp-json\/wp\/v2\/pages\/2090\/revisions"}],"wp:attachment":[{"href":"https:\/\/www.assugrin.ch\/fr\/wp-json\/wp\/v2\/media?parent=2090"}],"wp:term":[{"taxonomy":"post_tag","embeddable":true,"href":"https:\/\/www.assugrin.ch\/fr\/wp-json\/wp\/v2\/tags?post=2090"}],"curies":[{"name":"wp","href":"https:\/\/api.w.org\/{rel}","templated":true}]}}