{"id":672,"date":"2016-10-17T15:54:18","date_gmt":"2016-10-17T13:54:18","guid":{"rendered":"https:\/\/beta.assugrin.ch\/kontakt\/?lang=fr"},"modified":"2024-02-06T08:52:53","modified_gmt":"2024-02-06T07:52:53","slug":"nous-contacter","status":"publish","type":"page","link":"https:\/\/www.assugrin.ch\/fr\/nous-contacter\/","title":{"rendered":"Nous contacter"},"content":{"rendered":"\n<div class=\"wp-block-cover alignfull\" style=\"min-height:640px;aspect-ratio:unset;\"><span aria-hidden=\"true\" class=\"wp-block-cover__background has-background-dim-0 has-background-dim\"><\/span><img decoding=\"async\" width=\"2760\" height=\"951\" class=\"wp-block-cover__image-background wp-image-9891\" alt=\"\" src=\"https:\/\/www.assugrin.ch\/wp-content\/uploads\/2022\/11\/assugrin-unternehmen-kontakt.jpg\" data-object-fit=\"cover\" srcset=\"https:\/\/www.assugrin.ch\/wp-content\/uploads\/2022\/11\/assugrin-unternehmen-kontakt.jpg 2760w, https:\/\/www.assugrin.ch\/wp-content\/uploads\/2022\/11\/assugrin-unternehmen-kontakt-640x221.jpg 640w, https:&#x2f;&#x2f;&#x77;&#119;&#119;&#46;a&#x73;&#x73;&#x75;&#103;&#114;in&#x2e;&#x63;&#x68;&#47;&#119;p-&#x63;&#x6f;&#x6e;&#116;&#101;nt&#x2f;&#x75;&#x70;&#108;&#111;ad&#x73;&#x2f;&#x32;&#48;&#50;&#50;\/&#x31;&#x31;&#x2f;&#x61;&#115;&#115;u&#x67;&#x72;&#x69;&#x6e;&#45;&#117;nt&#x65;&#x72;&#x6e;&#101;&#104;me&#x6e;&#x2d;&#x6b;&#111;&#110;ta&#x6b;&#x74;&#x2d;&#49;&#53;0x&#x35;&#x32;&#x40;&#50;&#120;&#46;j&#x70;&#x67; 300w, https:\/\/www.assugrin.ch\/wp-content\/uploads\/2022\/11\/assugrin-unternehmen-kontakt-1024x353.jpg 1024w, https:\/\/www.assugrin.ch\/wp-content\/uploads\/2022\/11\/assugrin-unternehmen-kontakt-150x52.jpg 150w, https:\/\/www.assugrin.ch\/wp-content\/uploads\/2022\/11\/assugrin-unternehmen-kontakt-1536x529.jpg 1536w, https:\/\/www.assugrin.ch\/wp-content\/uploads\/2022\/11\/assugrin-unternehmen-kontakt-2048x706.jpg 2048w, https:\/\/www.assugrin.ch\/wp-content\/uploads\/2022\/11\/assugrin-unternehmen-kontakt-845x291.jpg 845w, https:\/\/www.assugrin.ch\/wp-content\/uploads\/2022\/11\/assugrin-unternehmen-kontakt-780x269.jpg 780w, https:\/\/www.assugrin.ch\/wp-content\/uploads\/2022\/11\/assugrin-unternehmen-kontakt-450x155.jpg 450w, https:\/\/www.assugrin.ch\/wp-content\/uploads\/2022\/11\/assugrin-unternehmen-kontakt-583x201.jpg 583w, https:\/\/www.assugrin.ch\/wp-content\/uploads\/2022\/11\/assugrin-unternehmen-kontakt-860x296.jpg 860w, https:\/\/www.assugrin.ch\/wp-content\/uploads\/2022\/11\/assugrin-unternehmen-kontakt-420x145.jpg 420w, https:\/\/www.assugrin.ch\/wp-content\/uploads\/2022\/11\/assugrin-unternehmen-kontakt-1380x476.jpg 1380w, https:\/\/www.assugrin.ch\/wp-content\/uploads\/2022\/11\/assugrin-unternehmen-kontakt-255x88.jpg 255w, https:\/\/www.assugrin.ch\/wp-content\/uploads\/2022\/11\/assugrin-unternehmen-kontakt-530x183.jpg 530w, https:\/\/w&#119;&#119;&#46;&#x61;&#x73;&#x73;&#x75;&#x67;&#x72;in&#46;&#99;&#104;&#47;&#119;&#x70;&#x2d;&#x63;&#x6f;&#x6e;&#x74;ent&#47;&#117;&#112;&#x6c;&#x6f;&#x61;&#x64;&#x73;&#x2f;202&#50;&#47;&#49;&#49;&#x2f;&#x61;&#x73;&#x73;&#x75;&#x67;rin&#45;&#117;&#110;&#x74;&#x65;&#x72;&#x6e;&#x65;&#x68;men&#45;&#107;&#111;&#110;&#x74;&#x61;&#x6b;&#x74;&#x2d;&#x33;00x&#49;&#48;&#51;&#x40;&#x32;&#x78;&#x2e;&#x6a;&#x70;g 600w\" sizes=\"(max-width: 2760px) 100vw, 2760px\" \/><div class=\"wp-block-cover__inner-container is-layout-flow wp-block-cover-is-layout-flow\">\n<div class=\"wp-block-group is-layout-flow wp-block-group-is-layout-flow\">\n<h1 class=\"wp-block-heading alignwide has-text-align-left has-white-color has-text-color has-link-color wp-elements-780561689e9ba01f716e657138f3d805\" id=\"h-contact\" id=\"contact\">Contact<\/h1>\n<\/div>\n<\/div><\/div>\n\n\n\n<div style=\"height:50px\" aria-hidden=\"true\" class=\"wp-block-spacer\"><\/div>\n\n\n\n<p>Appelez-nous, \u00e9crivez-nous ou consultez Facebook et Instagram.<br>Nous vous attendons avec impatience.<\/p>\n\n\n\n<hr class=\"wp-block-separator alignwide has-alpha-channel-opacity\"\/>\n\n\n\n<h2 class=\"wp-block-heading\" id=\"h-adresse\" id=\"adresse\">Adresse<\/h2>\n\n\n\n<p>Assugrin Konsumentendienst<br>Kr\u00fcger Schweiz AG<br>Ankerstrasse 53<br>8004 Z\u00fcrich<\/p>\n\n\n\n<p>Pour plus d&#8217;informations sur l&#8217;acc\u00e8s, consultez Google Maps.<\/p>\n\n\n\n<p>T\u00e9l : 044 245 43 43<br>Fax : 044 245 43 35<\/p>\n\n\n\n<p>Mail : <a href=\"&#x6d;&#x61;&#105;&#108;t&#x6f;&#x3a;&#x69;&#110;&#102;o&#x40;&#x61;&#x73;&#115;&#117;g&#x72;&#x69;&#x6e;&#46;&#99;h\">&#105;n&#102;o&#64;a&#x73;s&#x75;g&#x72;i&#x6e;&#46;&#x63;h<\/a><br>Facebook : assugrin.ch<br>Instagram : assugrin.ch<\/p>\n\n\n\n<hr class=\"wp-block-separator alignwide has-alpha-channel-opacity\"\/>\n\n\n\n<div style=\"height:50px\" aria-hidden=\"true\" class=\"wp-block-spacer\"><\/div>\n\n\n\n<div class=\"wp-block-contact-form-7-contact-form-selector\">\n<div class=\"wpcf7 no-js\" id=\"wpcf7-f770-o1\" lang=\"de-DE\" dir=\"ltr\" data-wpcf7-id=\"770\">\n<div class=\"screen-reader-response\"><p role=\"status\" aria-live=\"polite\" aria-atomic=\"true\"><\/p> <ul><\/ul><\/div>\n<form action=\"\/fr\/wp-json\/wp\/v2\/pages\/672#wpcf7-f770-o1\" method=\"post\" class=\"wpcf7-form init\" aria-label=\"Kontaktformular\" novalidate=\"novalidate\" data-status=\"init\">\n<fieldset class=\"hidden-fields-container\"><input type=\"hidden\" name=\"_wpcf7\" value=\"770\" \/><input type=\"hidden\" name=\"_wpcf7_version\" value=\"6.1.5\" \/><input type=\"hidden\" name=\"_wpcf7_locale\" value=\"de_DE\" \/><input type=\"hidden\" name=\"_wpcf7_unit_tag\" value=\"wpcf7-f770-o1\" \/><input type=\"hidden\" name=\"_wpcf7_container_post\" value=\"0\" \/><input type=\"hidden\" name=\"_wpcf7_posted_data_hash\" value=\"\" \/>\n<\/fieldset>\n<div id=\"form\" class=\"ag_form ag_form--contact\">\n\t<h2 class=\"ag_contact__title\">Formulaire de contact\n\t<\/h2>\n\t<p><span class=\"wpcf7-form-control-wrap\" data-name=\"vorname\"><input size=\"40\" maxlength=\"400\" class=\"wpcf7-form-control wpcf7-text wpcf7-validates-as-required\" aria-required=\"true\" aria-invalid=\"false\" placeholder=\"Pr\u00e9nom*\" value=\"\" type=\"text\" name=\"vorname\" \/><\/span>\n\t<\/p>\n\t<p><span class=\"wpcf7-form-control-wrap\" data-name=\"nachname\"><input size=\"40\" maxlength=\"400\" class=\"wpcf7-form-control wpcf7-text wpcf7-validates-as-required\" aria-required=\"true\" aria-invalid=\"false\" placeholder=\"Nom*\" value=\"\" type=\"text\" name=\"nachname\" \/><\/span>\n\t<\/p>\n\t<p><span class=\"wpcf7-form-control-wrap\" data-name=\"strasse\"><input size=\"40\" maxlength=\"400\" class=\"wpcf7-form-control wpcf7-text\" aria-invalid=\"false\" placeholder=\"Rue\" value=\"\" type=\"text\" name=\"strasse\" \/><\/span>\n\t<\/p>\n\t<p><span class=\"wpcf7-form-control-wrap\" data-name=\"plz\"><input size=\"40\" maxlength=\"400\" class=\"wpcf7-form-control wpcf7-text plz\" aria-invalid=\"false\" placeholder=\"CP\" value=\"\" type=\"text\" name=\"plz\" \/><\/span><span class=\"wpcf7-form-control-wrap\" data-name=\"ort\"><input size=\"40\" maxlength=\"400\" class=\"wpcf7-form-control wpcf7-text city\" aria-invalid=\"false\" placeholder=\"Place\" value=\"\" type=\"text\" name=\"ort\" \/><\/span>\n\t<\/p>\n\t<p><span class=\"wpcf7-form-control-wrap\" data-name=\"telefonnummer\"><input size=\"40\" maxlength=\"400\" class=\"wpcf7-form-control wpcf7-text wpcf7-validates-as-required\" aria-required=\"true\" aria-invalid=\"false\" placeholder=\"T\u00e9l\u00e9phon\" value=\"\" type=\"text\" name=\"telefonnummer\" \/><\/span>\n\t<\/p>\n\t<p><span class=\"wpcf7-form-control-wrap\" data-name=\"emailadresse\"><input size=\"40\" maxlength=\"400\" class=\"wpcf7-form-control wpcf7-email wpcf7-validates-as-required wpcf7-text wpcf7-validates-as-email\" aria-required=\"true\" aria-invalid=\"false\" placeholder=\"E-Mail*\" value=\"\" type=\"email\" name=\"emailadresse\" \/><\/span>\n\t<\/p>\n\t<p><span class=\"wpcf7-form-control-wrap\" data-name=\"nachricht\"><textarea cols=\"40\" rows=\"1\" maxlength=\"2000\" class=\"wpcf7-form-control wpcf7-textarea\" aria-invalid=\"false\" placeholder=\"Message*\" name=\"nachricht\"><\/textarea><\/span>\n\t<\/p>\n\t<div class=\"clearfix\">\n\t<\/div>\n\t<div class=\"ag_form__disclaimer\">\n\t\t<p><br \/>\n* Champs obligatoires\n\t\t<\/p>\n\t<\/div>\n\t<p>Je peux m'informer sur le traitement de mes donn\u00e9es personnelles en consultant la <a href=\"\/fr\/protection-des-donnees\/\">d\u00e9claration de protection des donn\u00e9es<\/a>.\n\t<\/p>\n\t<p><span class=\"wpcf7-form-control-wrap\" data-name=\"hcap-cf7\">\t\t<input\n\t\t\t\ttype=\"hidden\"\n\t\t\t\tclass=\"hcaptcha-widget-id\"\n\t\t\t\tname=\"hcaptcha-widget-id\"\n\t\t\t\tvalue=\"eyJzb3VyY2UiOlsiY29udGFjdC1mb3JtLTdcL3dwLWNvbnRhY3QtZm9ybS03LnBocCJdLCJmb3JtX2lkIjo3NzB9-584d713b57328e255e43cd54f00d2aa7\">\n\t\t\t\t<span id=\"hcap_cf7-69d8ea52d65319.22328732\" class=\"wpcf7-form-control h-captcha \"\n\t\t\tdata-sitekey=\"53fcf0aa-8314-4a8e-b4e2-fc172cd13f10\"\n\t\t\tdata-theme=\"light\"\n\t\t\tdata-size=\"normal\"\n\t\t\tdata-auto=\"false\"\n\t\t\tdata-ajax=\"false\"\n\t\t\tdata-force=\"false\">\n\t\t<\/span>\n\t\t<input type=\"hidden\" id=\"_wpnonce\" name=\"_wpnonce\" value=\"526920cb0a\" \/><input type=\"hidden\" name=\"_wp_http_referer\" value=\"\/fr\/wp-json\/wp\/v2\/pages\/672\" \/><\/span><input class=\"wpcf7-form-control wpcf7-submit has-spinner ag_form__submit\" type=\"submit\" value=\"Soumettre\" \/>\n\t<\/p>\n<\/div><div class=\"wpcf7-response-output\" aria-hidden=\"true\"><\/div>\n<\/form>\n<\/div>\n<\/div>\n\n\n\n<div style=\"height:100px\" aria-hidden=\"true\" class=\"wp-block-spacer\"><\/div>\n","protected":false},"excerpt":{"rendered":"<p>Appelez-nous, \u00e9crivez-nous ou consultez Facebook et Instagram.Nous vous attendons avec impatience. Adresse Assugrin KonsumentendienstKr\u00fcger Schweiz AGAnkerstrasse 538004 Z\u00fcrich Pour plus d&#8217;informations sur l&#8217;acc\u00e8s, consultez Google Maps. T\u00e9l : 044 245 43 43Fax : 044 245 43 35 Mail : info&#64;&#97;&#115;&#115;&#117;&#103;&#114;&#x69;&#x6e;&#x2e;&#x63;&#x68;Facebook : assugrin.chInstagram : assugrin.ch<\/p>\n","protected":false},"author":2,"featured_media":0,"parent":0,"menu_order":27,"comment_status":"closed","ping_status":"closed","template":"","meta":{"_acf_changed":false,"inline_featured_image":false,"kia_subtitle":"","footnotes":""},"class_list":["post-672","page","type-page","status-publish","hentry"],"acf":[],"yoast_head":"<!-- This site is optimized with the Yoast SEO Premium plugin v24.2 (Yoast SEO v27.2) - https:\/\/yoast.com\/product\/yoast-seo-premium-wordpress\/ -->\n<title>Nous contacter | ASSUGRIN<\/title>\n<meta name=\"description\" content=\"Que vous contactiez l&#039;\u00e9quipe Assugrin par t\u00e9l\u00e9phone, par courrier ou via les liens vers notre page facebook et notre compte Instagram: vous frapperez toujours \u00e0 la bonne porte.\" \/>\n<meta name=\"robots\" content=\"index, follow, max-snippet:-1, max-image-preview:large, max-video-preview:-1\" \/>\n<link rel=\"canonical\" href=\"https:\/\/www.assugrin.ch\/fr\/nous-contacter\/\" \/>\n<meta property=\"og:locale\" content=\"fr_FR\" \/>\n<meta property=\"og:type\" content=\"article\" \/>\n<meta property=\"og:title\" content=\"Nous contacter\" \/>\n<meta property=\"og:description\" content=\"Que vous contactiez l&#039;\u00e9quipe Assugrin par t\u00e9l\u00e9phone, par courrier ou via les liens vers notre page facebook et notre compte Instagram: vous frapperez toujours \u00e0 la bonne porte.\" \/>\n<meta property=\"og:url\" content=\"https:\/\/www.assugrin.ch\/fr\/nous-contacter\/\" \/>\n<meta property=\"og:site_name\" content=\"ASSUGRIN\" \/>\n<meta property=\"article:publisher\" content=\"https:\/\/www.facebook.com\/ASSUGRIN.ch\/\" \/>\n<meta property=\"article:modified_time\" content=\"2024-02-06T07:52:53+00:00\" \/>\n<meta property=\"og:image\" content=\"https:\/\/www.assugrin.ch\/wp-content\/uploads\/2022\/11\/assugrin-unternehmen-kontakt.jpg\" \/>\n<meta name=\"twitter:card\" content=\"summary_large_image\" \/>\n<meta name=\"twitter:label1\" content=\"Est. reading time\" \/>\n\t<meta name=\"twitter:data1\" content=\"1 minute\" \/>\n<script type=\"application\/ld+json\" class=\"yoast-schema-graph\">{\"@context\":\"https:\/\/schema.org\",\"@graph\":[{\"@type\":\"WebPage\",\"@id\":\"https:\/\/www.assugrin.ch\/fr\/nous-contacter\/\",\"url\":\"https:\/\/www.assugrin.ch\/fr\/nous-contacter\/\",\"name\":\"Nous contacter | ASSUGRIN\",\"isPartOf\":{\"@id\":\"https:\/\/www.assugrin.ch\/fr\/#website\"},\"primaryImageOfPage\":{\"@id\":\"https:\/\/www.assugrin.ch\/fr\/nous-contacter\/#primaryimage\"},\"image\":{\"@id\":\"https:\/\/www.assugrin.ch\/fr\/nous-contacter\/#primaryimage\"},\"thumbnailUrl\":\"https:\/\/www.assugrin.ch\/wp-content\/uploads\/2022\/11\/assugrin-unternehmen-kontakt.jpg\",\"datePublished\":\"2016-10-17T13:54:18+00:00\",\"dateModified\":\"2024-02-06T07:52:53+00:00\",\"description\":\"Que vous contactiez l'\u00e9quipe Assugrin par t\u00e9l\u00e9phone, par courrier ou via les liens vers notre page facebook et notre compte Instagram: vous frapperez toujours \u00e0 la bonne porte.\",\"breadcrumb\":{\"@id\":\"https:\/\/www.assugrin.ch\/fr\/nous-contacter\/#breadcrumb\"},\"inLanguage\":\"fr-FR\",\"potentialAction\":[{\"@type\":\"ReadAction\",\"target\":[\"https:\/\/www.assugrin.ch\/fr\/nous-contacter\/\"]}]},{\"@type\":\"ImageObject\",\"inLanguage\":\"fr-FR\",\"@id\":\"https:\/\/www.assugrin.ch\/fr\/nous-contacter\/#primaryimage\",\"url\":\"https:\/\/www.assugrin.ch\/wp-content\/uploads\/2022\/11\/assugrin-unternehmen-kontakt.jpg\",\"contentUrl\":\"https:\/\/www.assugrin.ch\/wp-content\/uploads\/2022\/11\/assugrin-unternehmen-kontakt.jpg\"},{\"@type\":\"BreadcrumbList\",\"@id\":\"https:\/\/www.assugrin.ch\/fr\/nous-contacter\/#breadcrumb\",\"itemListElement\":[{\"@type\":\"ListItem\",\"position\":1,\"name\":\"Accueil\",\"item\":\"https:\/\/www.assugrin.ch\/fr\/\"},{\"@type\":\"ListItem\",\"position\":2,\"name\":\"\u00c0 propos de nous\",\"item\":\"https:\/\/www.assugrin.ch\/fr\/a-propos-de-nous\/\"}]},{\"@type\":\"WebSite\",\"@id\":\"https:\/\/www.assugrin.ch\/fr\/#website\",\"url\":\"https:\/\/www.assugrin.ch\/fr\/\",\"name\":\"ASSUGRIN\",\"description\":\"Die clevere Art zu S\u00fcssen\",\"publisher\":{\"@id\":\"https:\/\/www.assugrin.ch\/fr\/#organization\"},\"potentialAction\":[{\"@type\":\"SearchAction\",\"target\":{\"@type\":\"EntryPoint\",\"urlTemplate\":\"https:\/\/www.assugrin.ch\/fr\/?s={search_term_string}\"},\"query-input\":{\"@type\":\"PropertyValueSpecification\",\"valueRequired\":true,\"valueName\":\"search_term_string\"}}],\"inLanguage\":\"fr-FR\"},{\"@type\":\"Organization\",\"@id\":\"https:\/\/www.assugrin.ch\/fr\/#organization\",\"name\":\"ASSUGRIN\",\"alternateName\":\"Die clevere Art zu S\u00fcssen\",\"url\":\"https:\/\/www.assugrin.ch\/fr\/\",\"logo\":{\"@type\":\"ImageObject\",\"inLanguage\":\"fr-FR\",\"@id\":\"https:\/\/www.assugrin.ch\/fr\/#\/schema\/logo\/image\/\",\"url\":\"https:\/\/www.assugrin.ch\/wp-content\/uploads\/2022\/12\/logo-assugrin-faq.svg\",\"contentUrl\":\"https:\/\/www.assugrin.ch\/wp-content\/uploads\/2022\/12\/logo-assugrin-faq.svg\",\"width\":180,\"height\":180,\"caption\":\"ASSUGRIN\"},\"image\":{\"@id\":\"https:\/\/www.assugrin.ch\/fr\/#\/schema\/logo\/image\/\"},\"sameAs\":[\"https:\/\/www.facebook.com\/ASSUGRIN.ch\/\",\"https:\/\/www.instagram.com\/assugrin.ch\"]}]}<\/script>\n<!-- \/ Yoast SEO Premium plugin. -->","yoast_head_json":{"title":"Nous contacter | ASSUGRIN","description":"Que vous contactiez l'\u00e9quipe Assugrin par t\u00e9l\u00e9phone, par courrier ou via les liens vers notre page facebook et notre compte Instagram: vous frapperez toujours \u00e0 la bonne porte.","robots":{"index":"index","follow":"follow","max-snippet":"max-snippet:-1","max-image-preview":"max-image-preview:large","max-video-preview":"max-video-preview:-1"},"canonical":"https:\/\/www.assugrin.ch\/fr\/nous-contacter\/","og_locale":"fr_FR","og_type":"article","og_title":"Nous contacter","og_description":"Que vous contactiez l'\u00e9quipe Assugrin par t\u00e9l\u00e9phone, par courrier ou via les liens vers notre page facebook et notre compte Instagram: vous frapperez toujours \u00e0 la bonne porte.","og_url":"https:\/\/www.assugrin.ch\/fr\/nous-contacter\/","og_site_name":"ASSUGRIN","article_publisher":"https:\/\/www.facebook.com\/ASSUGRIN.ch\/","article_modified_time":"2024-02-06T07:52:53+00:00","og_image":[{"url":"https:\/\/www.assugrin.ch\/wp-content\/uploads\/2022\/11\/assugrin-unternehmen-kontakt.jpg","type":"","width":"","height":""}],"twitter_card":"summary_large_image","twitter_misc":{"Est. reading time":"1 minute"},"schema":{"@context":"https:\/\/schema.org","@graph":[{"@type":"WebPage","@id":"https:\/\/www.assugrin.ch\/fr\/nous-contacter\/","url":"https:\/\/www.assugrin.ch\/fr\/nous-contacter\/","name":"Nous contacter | ASSUGRIN","isPartOf":{"@id":"https:\/\/www.assugrin.ch\/fr\/#website"},"primaryImageOfPage":{"@id":"https:\/\/www.assugrin.ch\/fr\/nous-contacter\/#primaryimage"},"image":{"@id":"https:\/\/www.assugrin.ch\/fr\/nous-contacter\/#primaryimage"},"thumbnailUrl":"https:\/\/www.assugrin.ch\/wp-content\/uploads\/2022\/11\/assugrin-unternehmen-kontakt.jpg","datePublished":"2016-10-17T13:54:18+00:00","dateModified":"2024-02-06T07:52:53+00:00","description":"Que vous contactiez l'\u00e9quipe Assugrin par t\u00e9l\u00e9phone, par courrier ou via les liens vers notre page facebook et notre compte Instagram: vous frapperez toujours \u00e0 la bonne porte.","breadcrumb":{"@id":"https:\/\/www.assugrin.ch\/fr\/nous-contacter\/#breadcrumb"},"inLanguage":"fr-FR","potentialAction":[{"@type":"ReadAction","target":["https:\/\/www.assugrin.ch\/fr\/nous-contacter\/"]}]},{"@type":"ImageObject","inLanguage":"fr-FR","@id":"https:\/\/www.assugrin.ch\/fr\/nous-contacter\/#primaryimage","url":"https:\/\/www.assugrin.ch\/wp-content\/uploads\/2022\/11\/assugrin-unternehmen-kontakt.jpg","contentUrl":"https:\/\/www.assugrin.ch\/wp-content\/uploads\/2022\/11\/assugrin-unternehmen-kontakt.jpg"},{"@type":"BreadcrumbList","@id":"https:\/\/www.assugrin.ch\/fr\/nous-contacter\/#breadcrumb","itemListElement":[{"@type":"ListItem","position":1,"name":"Accueil","item":"https:\/\/www.assugrin.ch\/fr\/"},{"@type":"ListItem","position":2,"name":"\u00c0 propos de nous","item":"https:\/\/www.assugrin.ch\/fr\/a-propos-de-nous\/"}]},{"@type":"WebSite","@id":"https:\/\/www.assugrin.ch\/fr\/#website","url":"https:\/\/www.assugrin.ch\/fr\/","name":"ASSUGRIN","description":"Die clevere Art zu S\u00fcssen","publisher":{"@id":"https:\/\/www.assugrin.ch\/fr\/#organization"},"potentialAction":[{"@type":"SearchAction","target":{"@type":"EntryPoint","urlTemplate":"https:\/\/www.assugrin.ch\/fr\/?s={search_term_string}"},"query-input":{"@type":"PropertyValueSpecification","valueRequired":true,"valueName":"search_term_string"}}],"inLanguage":"fr-FR"},{"@type":"Organization","@id":"https:\/\/www.assugrin.ch\/fr\/#organization","name":"ASSUGRIN","alternateName":"Die clevere Art zu S\u00fcssen","url":"https:\/\/www.assugrin.ch\/fr\/","logo":{"@type":"ImageObject","inLanguage":"fr-FR","@id":"https:\/\/www.assugrin.ch\/fr\/#\/schema\/logo\/image\/","url":"https:\/\/www.assugrin.ch\/wp-content\/uploads\/2022\/12\/logo-assugrin-faq.svg","contentUrl":"https:\/\/www.assugrin.ch\/wp-content\/uploads\/2022\/12\/logo-assugrin-faq.svg","width":180,"height":180,"caption":"ASSUGRIN"},"image":{"@id":"https:\/\/www.assugrin.ch\/fr\/#\/schema\/logo\/image\/"},"sameAs":["https:\/\/www.facebook.com\/ASSUGRIN.ch\/","https:\/\/www.instagram.com\/assugrin.ch"]}]}},"_links":{"self":[{"href":"https:\/\/www.assugrin.ch\/fr\/wp-json\/wp\/v2\/pages\/672","targetHints":{"allow":["GET"]}}],"collection":[{"href":"https:\/\/www.assugrin.ch\/fr\/wp-json\/wp\/v2\/pages"}],"about":[{"href":"https:\/\/www.assugrin.ch\/fr\/wp-json\/wp\/v2\/types\/page"}],"author":[{"embeddable":true,"href":"https:\/\/www.assugrin.ch\/fr\/wp-json\/wp\/v2\/users\/2"}],"replies":[{"embeddable":true,"href":"https:\/\/www.assugrin.ch\/fr\/wp-json\/wp\/v2\/comments?post=672"}],"version-history":[{"count":0,"href":"https:\/\/www.assugrin.ch\/fr\/wp-json\/wp\/v2\/pages\/672\/revisions"}],"wp:attachment":[{"href":"https:\/\/www.assugrin.ch\/fr\/wp-json\/wp\/v2\/media?parent=672"}],"curies":[{"name":"wp","href":"https:\/\/api.w.org\/{rel}","templated":true}]}}