{"id":17676,"date":"2024-01-23T13:03:27","date_gmt":"2024-01-23T12:03:27","guid":{"rendered":"https:\/\/beta.assugrin.ch\/?post_type=product&#038;p=17676"},"modified":"2026-04-02T19:47:58","modified_gmt":"2026-04-02T17:47:58","slug":"substitut-de-sucre","status":"publish","type":"product","link":"https:\/\/www.assugrin.ch\/fr\/produkt\/substitut-de-sucre\/","title":{"rendered":"Substitut de sucre"},"content":{"rendered":"<p><br data-mce-bogus=\"1\"><\/p>\n","protected":false},"excerpt":{"rendered":"<p><strong><span style=\"color: #e2231a\">Parfait pour la cuisson!<\/span><\/strong><\/p>\n<p>Le nouveau substitut de sucre d&#8217;Assugrin \u00e0 base d&#8217;\u00e9rythritol est LA solution de remplacement du sucre traditionnel. Il ne ressemble pas seulement au sucre, il en a aussi le go\u00fbt. Le meilleur : vous \u00e9conomisez 70 % des calories du sucre, vous m\u00e9nagez vos dents et tout cela sans arri\u00e8re-go\u00fbt g\u00eanant. Utilisez-le simplement 1:1 comme du sucre normal et savourez ainsi vos recettes pr\u00e9f\u00e9r\u00e9es sucr\u00e9es et pauvres en calories. L&#8217;isomaltulose dore joliment les p\u00e2tisseries au four et leur conf\u00e8re une surface app\u00e9tissante.<\/p>\n<p>Remplacez simplement la quantit\u00e9 de sucre dans votre recette par du substitut du sucre Assugrin. Que vous souhaitiez ou deviez \u00e9liminer le sucre raffin\u00e9 de votre r\u00e9gime alimentaire, avec le substitut de sucre Assugrin \u00e0 base d&#8217;\u00e9rythritol avec isomaltulose et glycosides de st\u00e9viol, vous pouvez continuer \u00e0 pr\u00e9parer vos d\u00e9lices et personne ne sentira la diff\u00e9rence.<\/p>\n<p>10 g de substitut de sucre Assugrin = 10 g de sucre de table raffin\u00e9<\/p>\n<p><img decoding=\"async\" class=\"alignnone size-full wp-image-12142\" src=\"https:\/\/www.assugrin.ch\/wp-content\/uploads\/2022\/10\/icon-1zu1-bigger.svg\" alt=\"\" width=\"303\" height=\"130\" \/><\/p>\n<p>Dans le cadre d&#8217;une alimentation et d&#8217;un mode de vie globalement sains, Assugrin peut contribuer \u00e0 promouvoir les objectifs de sant\u00e9 publique en mati\u00e8re de r\u00e9duction de la consommation de sucre et, \u00e0 terme, \u00e0 favoriser la gestion du poids et du diab\u00e8te ainsi que la sant\u00e9 dentaire.<\/p>\n","protected":false},"featured_media":17679,"template":"","meta":{"_acf_changed":false,"inline_featured_image":false,"kia_subtitle":"sac de 300 g"},"product_brand":[],"product_cat":[1682],"product_tag":[1301,1302,1305,1300],"badge":[],"class_list":{"0":"post-17676","1":"product","2":"type-product","3":"status-publish","4":"has-post-thumbnail","6":"product_cat-substitut-du-sucre","7":"product_tag-sans-lactose","8":"product_tag-vegetalien","9":"product_tag-sans-danger-pour-les-dents","10":"product_tag-sans-gluten","12":"first","13":"instock","14":"taxable","15":"shipping-taxable","16":"purchasable","17":"product-type-simple"},"bundled_by":[],"bundle_stock_status":"instock","bundle_stock_quantity":49,"bundle_virtual":false,"bundle_layout":"","bundle_add_to_cart_form_location":"","bundle_editable_in_cart":false,"bundle_sold_individually_context":"","bundle_item_grouping":"","bundle_min_size":"","bundle_max_size":"","bundle_price":[],"bundled_items":[],"bundle_sell_ids":[],"group_of_quantity":0,"min_quantity":0,"max_quantity":"","exclude_order_quantity_value_rules":"no","exclude_category_quantity_rules":"no","combine_variations":"no","acf":[],"yoast_head":"<!-- This site is optimized with the Yoast SEO Premium plugin v24.2 (Yoast SEO v27.5) - https:\/\/yoast.com\/product\/yoast-seo-premium-wordpress\/ -->\n<title>Substitut de sucre | ASSUGRIN<\/title>\n<meta name=\"description\" content=\"Parfait pour la p\u00e2tisserie - \u00e0 base d&#039;\u00e9rythritol et avec 70% de calories en moins! Remplacez simplement la quantit\u00e9 de sucre par Assugrin.\" \/>\n<meta name=\"robots\" content=\"index, follow, max-snippet:-1, max-image-preview:large, max-video-preview:-1\" \/>\n<link rel=\"canonical\" href=\"https:\/\/www.assugrin.ch\/fr\/produkt\/substitut-de-sucre\/\" \/>\n<meta property=\"og:locale\" content=\"fr_FR\" \/>\n<meta property=\"og:type\" content=\"article\" \/>\n<meta property=\"og:title\" content=\"Substitut de sucre\" \/>\n<meta property=\"og:description\" content=\"Parfait pour la p\u00e2tisserie - \u00e0 base d&#039;\u00e9rythritol et avec 70% de calories en moins! Remplacez simplement la quantit\u00e9 de sucre par Assugrin.\" \/>\n<meta property=\"og:url\" content=\"https:\/\/www.assugrin.ch\/fr\/produkt\/substitut-de-sucre\/\" \/>\n<meta property=\"og:site_name\" content=\"ASSUGRIN\" \/>\n<meta property=\"article:publisher\" content=\"https:\/\/www.facebook.com\/ASSUGRIN.ch\/\" \/>\n<meta property=\"article:modified_time\" content=\"2026-04-02T17:47:58+00:00\" \/>\n<meta property=\"og:image\" content=\"https:\/\/www.assugrin.ch\/wp-content\/uploads\/2024\/01\/assugrin-zuckerersatz.png\" \/>\n\t<meta property=\"og:image:width\" content=\"1360\" \/>\n\t<meta property=\"og:image:height\" content=\"1360\" \/>\n\t<meta property=\"og:image:type\" content=\"image\/png\" \/>\n<meta name=\"twitter:card\" content=\"summary_large_image\" \/>\n<meta name=\"twitter:label1\" content=\"Price\" \/>\n\t<meta name=\"twitter:data1\" content=\"&#067;&#072;&#070;&nbsp;6.95\" \/>\n\t<meta name=\"twitter:label2\" content=\"Availability\" \/>\n\t<meta name=\"twitter:data2\" content=\"In stock\" \/>\n<script type=\"application\/ld+json\" class=\"yoast-schema-graph\">{\"@context\":\"https:\\\/\\\/schema.org\",\"@graph\":[{\"@type\":\"WebPage\",\"@id\":\"https:\\\/\\\/www.assugrin.ch\\\/fr\\\/produkt\\\/substitut-de-sucre\\\/\",\"url\":\"https:\\\/\\\/www.assugrin.ch\\\/fr\\\/produkt\\\/substitut-de-sucre\\\/\",\"name\":\"Substitut de sucre | ASSUGRIN\",\"isPartOf\":{\"@id\":\"https:\\\/\\\/www.assugrin.ch\\\/fr\\\/#website\"},\"primaryImageOfPage\":{\"@id\":\"https:\\\/\\\/www.assugrin.ch\\\/fr\\\/produkt\\\/substitut-de-sucre\\\/#primaryimage\"},\"image\":{\"@id\":\"https:\\\/\\\/www.assugrin.ch\\\/fr\\\/produkt\\\/substitut-de-sucre\\\/#primaryimage\"},\"thumbnailUrl\":\"https:\\\/\\\/www.assugrin.ch\\\/wp-content\\\/uploads\\\/2024\\\/01\\\/assugrin-zuckerersatz.png\",\"datePublished\":\"2024-01-23T12:03:27+00:00\",\"dateModified\":\"2026-04-02T17:47:58+00:00\",\"description\":\"Parfait pour la p\u00e2tisserie - \u00e0 base d'\u00e9rythritol et avec 70% de calories en moins! Remplacez simplement la quantit\u00e9 de sucre par Assugrin.\",\"breadcrumb\":{\"@id\":\"https:\\\/\\\/www.assugrin.ch\\\/fr\\\/produkt\\\/substitut-de-sucre\\\/#breadcrumb\"},\"inLanguage\":\"fr-FR\",\"potentialAction\":[{\"@type\":\"ReadAction\",\"target\":[\"https:\\\/\\\/www.assugrin.ch\\\/fr\\\/produkt\\\/substitut-de-sucre\\\/\"]}]},{\"@type\":\"ImageObject\",\"inLanguage\":\"fr-FR\",\"@id\":\"https:\\\/\\\/www.assugrin.ch\\\/fr\\\/produkt\\\/substitut-de-sucre\\\/#primaryimage\",\"url\":\"https:\\\/\\\/www.assugrin.ch\\\/wp-content\\\/uploads\\\/2024\\\/01\\\/assugrin-zuckerersatz.png\",\"contentUrl\":\"https:\\\/\\\/www.assugrin.ch\\\/wp-content\\\/uploads\\\/2024\\\/01\\\/assugrin-zuckerersatz.png\",\"width\":1360,\"height\":1360},{\"@type\":\"BreadcrumbList\",\"@id\":\"https:\\\/\\\/www.assugrin.ch\\\/fr\\\/produkt\\\/substitut-de-sucre\\\/#breadcrumb\",\"itemListElement\":[{\"@type\":\"ListItem\",\"position\":1,\"name\":\"Accueil\",\"item\":\"https:\\\/\\\/www.assugrin.ch\\\/fr\\\/\"},{\"@type\":\"ListItem\",\"position\":2,\"name\":\"Assugrin \u2013 Une alternative intelligente au sucre\",\"item\":\"https:\\\/\\\/www.assugrin.ch\\\/fr\\\/shop\\\/\"},{\"@type\":\"ListItem\",\"position\":3,\"name\":\"Substitut de sucre\"}]},{\"@type\":\"WebSite\",\"@id\":\"https:\\\/\\\/www.assugrin.ch\\\/fr\\\/#website\",\"url\":\"https:\\\/\\\/www.assugrin.ch\\\/fr\\\/\",\"name\":\"ASSUGRIN\",\"description\":\"Die clevere Art zu S\u00fcssen\",\"publisher\":{\"@id\":\"https:\\\/\\\/www.assugrin.ch\\\/fr\\\/#organization\"},\"potentialAction\":[{\"@type\":\"SearchAction\",\"target\":{\"@type\":\"EntryPoint\",\"urlTemplate\":\"https:\\\/\\\/www.assugrin.ch\\\/fr\\\/?s={search_term_string}\"},\"query-input\":{\"@type\":\"PropertyValueSpecification\",\"valueRequired\":true,\"valueName\":\"search_term_string\"}}],\"inLanguage\":\"fr-FR\"},{\"@type\":\"Organization\",\"@id\":\"https:\\\/\\\/www.assugrin.ch\\\/fr\\\/#organization\",\"name\":\"ASSUGRIN\",\"alternateName\":\"Die clevere Art zu S\u00fcssen\",\"url\":\"https:\\\/\\\/www.assugrin.ch\\\/fr\\\/\",\"logo\":{\"@type\":\"ImageObject\",\"inLanguage\":\"fr-FR\",\"@id\":\"https:\\\/\\\/www.assugrin.ch\\\/fr\\\/#\\\/schema\\\/logo\\\/image\\\/\",\"url\":\"https:\\\/\\\/www.assugrin.ch\\\/wp-content\\\/uploads\\\/2022\\\/12\\\/logo-assugrin-faq.svg\",\"contentUrl\":\"https:\\\/\\\/www.assugrin.ch\\\/wp-content\\\/uploads\\\/2022\\\/12\\\/logo-assugrin-faq.svg\",\"width\":180,\"height\":180,\"caption\":\"ASSUGRIN\"},\"image\":{\"@id\":\"https:\\\/\\\/www.assugrin.ch\\\/fr\\\/#\\\/schema\\\/logo\\\/image\\\/\"},\"sameAs\":[\"https:\\\/\\\/www.facebook.com\\\/ASSUGRIN.ch\\\/\",\"https:\\\/\\\/www.instagram.com\\\/assugrin.ch\"]}]}<\/script>\n<meta property=\"product:price:amount\" content=\"6.95\" \/>\n<meta property=\"product:price:currency\" content=\"CHF\" \/>\n<meta property=\"og:availability\" content=\"instock\" \/>\n<meta property=\"product:availability\" content=\"instock\" \/>\n<meta property=\"product:retailer_item_id\" content=\"600160.30\" \/>\n<meta property=\"product:condition\" content=\"new\" \/>\n<!-- \/ Yoast SEO Premium plugin. -->","yoast_head_json":{"title":"Substitut de sucre | ASSUGRIN","description":"Parfait pour la p\u00e2tisserie - \u00e0 base d'\u00e9rythritol et avec 70% de calories en moins! Remplacez simplement la quantit\u00e9 de sucre par Assugrin.","robots":{"index":"index","follow":"follow","max-snippet":"max-snippet:-1","max-image-preview":"max-image-preview:large","max-video-preview":"max-video-preview:-1"},"canonical":"https:\/\/www.assugrin.ch\/fr\/produkt\/substitut-de-sucre\/","og_locale":"fr_FR","og_type":"article","og_title":"Substitut de sucre","og_description":"Parfait pour la p\u00e2tisserie - \u00e0 base d'\u00e9rythritol et avec 70% de calories en moins! Remplacez simplement la quantit\u00e9 de sucre par Assugrin.","og_url":"https:\/\/www.assugrin.ch\/fr\/produkt\/substitut-de-sucre\/","og_site_name":"ASSUGRIN","article_publisher":"https:\/\/www.facebook.com\/ASSUGRIN.ch\/","article_modified_time":"2026-04-02T17:47:58+00:00","og_image":[{"width":1360,"height":1360,"url":"https:\/\/www.assugrin.ch\/wp-content\/uploads\/2024\/01\/assugrin-zuckerersatz.png","type":"image\/png"}],"twitter_card":"summary_large_image","twitter_misc":{"Price":"&#67;&#72;&#70;&nbsp;6.95","Availability":"In stock"},"schema":{"@context":"https:\/\/schema.org","@graph":[{"@type":"WebPage","@id":"https:\/\/www.assugrin.ch\/fr\/produkt\/substitut-de-sucre\/","url":"https:\/\/www.assugrin.ch\/fr\/produkt\/substitut-de-sucre\/","name":"Substitut de sucre | ASSUGRIN","isPartOf":{"@id":"https:\/\/www.assugrin.ch\/fr\/#website"},"primaryImageOfPage":{"@id":"https:\/\/www.assugrin.ch\/fr\/produkt\/substitut-de-sucre\/#primaryimage"},"image":{"@id":"https:\/\/www.assugrin.ch\/fr\/produkt\/substitut-de-sucre\/#primaryimage"},"thumbnailUrl":"https:\/\/www.assugrin.ch\/wp-content\/uploads\/2024\/01\/assugrin-zuckerersatz.png","datePublished":"2024-01-23T12:03:27+00:00","dateModified":"2026-04-02T17:47:58+00:00","description":"Parfait pour la p\u00e2tisserie - \u00e0 base d'\u00e9rythritol et avec 70% de calories en moins! Remplacez simplement la quantit\u00e9 de sucre par Assugrin.","breadcrumb":{"@id":"https:\/\/www.assugrin.ch\/fr\/produkt\/substitut-de-sucre\/#breadcrumb"},"inLanguage":"fr-FR","potentialAction":[{"@type":"ReadAction","target":["https:\/\/www.assugrin.ch\/fr\/produkt\/substitut-de-sucre\/"]}]},{"@type":"ImageObject","inLanguage":"fr-FR","@id":"https:\/\/www.assugrin.ch\/fr\/produkt\/substitut-de-sucre\/#primaryimage","url":"https:\/\/www.assugrin.ch\/wp-content\/uploads\/2024\/01\/assugrin-zuckerersatz.png","contentUrl":"https:\/\/www.assugrin.ch\/wp-content\/uploads\/2024\/01\/assugrin-zuckerersatz.png","width":1360,"height":1360},{"@type":"BreadcrumbList","@id":"https:\/\/www.assugrin.ch\/fr\/produkt\/substitut-de-sucre\/#breadcrumb","itemListElement":[{"@type":"ListItem","position":1,"name":"Accueil","item":"https:\/\/www.assugrin.ch\/fr\/"},{"@type":"ListItem","position":2,"name":"Assugrin \u2013 Une alternative intelligente au sucre","item":"https:\/\/www.assugrin.ch\/fr\/shop\/"},{"@type":"ListItem","position":3,"name":"Substitut de sucre"}]},{"@type":"WebSite","@id":"https:\/\/www.assugrin.ch\/fr\/#website","url":"https:\/\/www.assugrin.ch\/fr\/","name":"ASSUGRIN","description":"Die clevere Art zu S\u00fcssen","publisher":{"@id":"https:\/\/www.assugrin.ch\/fr\/#organization"},"potentialAction":[{"@type":"SearchAction","target":{"@type":"EntryPoint","urlTemplate":"https:\/\/www.assugrin.ch\/fr\/?s={search_term_string}"},"query-input":{"@type":"PropertyValueSpecification","valueRequired":true,"valueName":"search_term_string"}}],"inLanguage":"fr-FR"},{"@type":"Organization","@id":"https:\/\/www.assugrin.ch\/fr\/#organization","name":"ASSUGRIN","alternateName":"Die clevere Art zu S\u00fcssen","url":"https:\/\/www.assugrin.ch\/fr\/","logo":{"@type":"ImageObject","inLanguage":"fr-FR","@id":"https:\/\/www.assugrin.ch\/fr\/#\/schema\/logo\/image\/","url":"https:\/\/www.assugrin.ch\/wp-content\/uploads\/2022\/12\/logo-assugrin-faq.svg","contentUrl":"https:\/\/www.assugrin.ch\/wp-content\/uploads\/2022\/12\/logo-assugrin-faq.svg","width":180,"height":180,"caption":"ASSUGRIN"},"image":{"@id":"https:\/\/www.assugrin.ch\/fr\/#\/schema\/logo\/image\/"},"sameAs":["https:\/\/www.facebook.com\/ASSUGRIN.ch\/","https:\/\/www.instagram.com\/assugrin.ch"]}]},"product_price_amount":"6.95","product_price_currency":"CHF","og_availability":"instock","product_availability":"instock","product_retailer_item_id":"600160.30","product_condition":"new"},"_links":{"self":[{"href":"https:\/\/www.assugrin.ch\/fr\/wp-json\/wp\/v2\/product\/17676","targetHints":{"allow":["GET"]}}],"collection":[{"href":"https:\/\/www.assugrin.ch\/fr\/wp-json\/wp\/v2\/product"}],"about":[{"href":"https:\/\/www.assugrin.ch\/fr\/wp-json\/wp\/v2\/types\/product"}],"wp:featuredmedia":[{"embeddable":true,"href":"https:\/\/www.assugrin.ch\/fr\/wp-json\/wp\/v2\/media\/17679"}],"wp:attachment":[{"href":"https:\/\/www.assugrin.ch\/fr\/wp-json\/wp\/v2\/media?parent=17676"}],"wp:term":[{"taxonomy":"product_brand","embeddable":true,"href":"https:\/\/www.assugrin.ch\/fr\/wp-json\/wp\/v2\/product_brand?post=17676"},{"taxonomy":"product_cat","embeddable":true,"href":"https:\/\/www.assugrin.ch\/fr\/wp-json\/wp\/v2\/product_cat?post=17676"},{"taxonomy":"product_tag","embeddable":true,"href":"https:\/\/www.assugrin.ch\/fr\/wp-json\/wp\/v2\/product_tag?post=17676"},{"taxonomy":"badge","embeddable":true,"href":"https:\/\/www.assugrin.ch\/fr\/wp-json\/wp\/v2\/badge?post=17676"}],"curies":[{"name":"wp","href":"https:\/\/api.w.org\/{rel}","templated":true}]}}