{"id":21153,"date":"2025-05-22T16:12:38","date_gmt":"2025-05-22T14:12:38","guid":{"rendered":"https:\/\/www.assugrin.ch\/?post_type=product&#038;p=21153"},"modified":"2026-03-19T21:12:52","modified_gmt":"2026-03-19T20:12:52","slug":"liquide-avec-de-lagave","status":"publish","type":"product","link":"https:\/\/www.assugrin.ch\/fr\/produkt\/liquide-avec-de-lagave\/","title":{"rendered":"SteviaSweet Liquide avec de l\u2019agave sans calories"},"content":{"rendered":"","protected":false},"excerpt":{"rendered":"<div class=\"product-description\">\n<div class=\"product-description__content\">\n<p>Tu aimes les smoothies fruit\u00e9s et frais? Le pudding au chia et les a\u00e7ai bowls? Tu ne pourras plus te passer de SteviaSweet liquide \u00e0 l\u2019agave. Gr\u00e2ce \u00e0 sa consistance liquide, il se m\u00e9lange facilement aux plats cr\u00e9meux ou liquides. Le sirop d\u2019agave ajout\u00e9 apporte un go\u00fbt agr\u00e9able.<\/p>\n<p>Dix gouttes de SteviaSweet liquide \u00e0 l\u2019agave correspondent \u00e0 une cuill\u00e8re \u00e0 caf\u00e9 de sucre.<\/p>\n<p>Contenu: 125 ml<\/p>\n<p>Conservation :<br \/>\nConserver \u00e0 l\u2019abri de la chaleur, dans un endroit sec et inodore.<\/p>\n<\/div>\n<\/div>\n","protected":false},"featured_media":21165,"template":"","meta":{"_acf_changed":false,"inline_featured_image":false,"kia_subtitle":"Apporte aux cr\u00e8mes, desserts et boissons la note sucr\u00e9e n\u00e9cessaire"},"product_brand":[],"product_cat":[1308],"product_tag":[1300,1301,1302,1305],"badge":[],"class_list":{"0":"post-21153","1":"product","2":"type-product","3":"status-publish","4":"has-post-thumbnail","6":"product_cat-liquide","7":"product_tag-sans-gluten","8":"product_tag-sans-lactose","9":"product_tag-vegetalien","10":"product_tag-sans-danger-pour-les-dents","12":"first","13":"instock","14":"taxable","15":"shipping-taxable","16":"purchasable","17":"product-type-simple"},"bundled_by":[],"bundle_stock_status":"instock","bundle_stock_quantity":69,"bundle_virtual":false,"bundle_layout":"","bundle_add_to_cart_form_location":"","bundle_editable_in_cart":false,"bundle_sold_individually_context":"","bundle_item_grouping":"","bundle_min_size":"","bundle_max_size":"","bundle_price":[],"bundled_items":[],"bundle_sell_ids":[],"group_of_quantity":0,"min_quantity":0,"max_quantity":"","exclude_order_quantity_value_rules":"no","exclude_category_quantity_rules":"no","combine_variations":"no","acf":[],"yoast_head":"<!-- This site is optimized with the Yoast SEO Premium plugin v24.2 (Yoast SEO v27.4) - https:\/\/yoast.com\/product\/yoast-seo-premium-wordpress\/ -->\n<title>SteviaSweet Liquide avec de l\u2019agave sans calories | ASSUGRIN<\/title>\n<meta name=\"description\" content=\"SteviaSweet liquide \u00e0 l&#039;agave n&#039;a aucune calorie, et convient aux v\u00e9g\u00e9taliens et aux personnes diab\u00e9tiques.\" \/>\n<meta name=\"robots\" content=\"index, follow, max-snippet:-1, max-image-preview:large, max-video-preview:-1\" \/>\n<link rel=\"canonical\" href=\"https:\/\/www.assugrin.ch\/fr\/produkt\/liquide-avec-de-lagave\/\" \/>\n<meta property=\"og:locale\" content=\"fr_FR\" \/>\n<meta property=\"og:type\" content=\"article\" \/>\n<meta property=\"og:title\" content=\"SteviaSweet Liquide avec de l\u2019agave sans calories\" \/>\n<meta property=\"og:description\" content=\"SteviaSweet liquide \u00e0 l&#039;agave n&#039;a aucune calorie, et convient aux v\u00e9g\u00e9taliens et aux personnes diab\u00e9tiques.\" \/>\n<meta property=\"og:url\" content=\"https:\/\/www.assugrin.ch\/fr\/produkt\/liquide-avec-de-lagave\/\" \/>\n<meta property=\"og:site_name\" content=\"ASSUGRIN\" \/>\n<meta property=\"article:publisher\" content=\"https:\/\/www.facebook.com\/ASSUGRIN.ch\/\" \/>\n<meta property=\"article:modified_time\" content=\"2026-03-19T20:12:52+00:00\" \/>\n<meta property=\"og:image\" content=\"https:\/\/www.assugrin.ch\/wp-content\/uploads\/2025\/05\/steviasweet-fluessig-agave-stevia-1360x1360-1.png\" \/>\n\t<meta property=\"og:image:width\" content=\"1360\" \/>\n\t<meta property=\"og:image:height\" content=\"1360\" \/>\n\t<meta property=\"og:image:type\" content=\"image\/png\" \/>\n<meta name=\"twitter:card\" content=\"summary_large_image\" \/>\n<meta name=\"twitter:label1\" content=\"Price\" \/>\n\t<meta name=\"twitter:data1\" content=\"&#067;&#072;&#070;&nbsp;7.95\" \/>\n\t<meta name=\"twitter:label2\" content=\"Availability\" \/>\n\t<meta name=\"twitter:data2\" content=\"In stock\" \/>\n<script type=\"application\/ld+json\" class=\"yoast-schema-graph\">{\"@context\":\"https:\\\/\\\/schema.org\",\"@graph\":[{\"@type\":\"WebPage\",\"@id\":\"https:\\\/\\\/www.assugrin.ch\\\/fr\\\/produkt\\\/liquide-avec-de-lagave\\\/\",\"url\":\"https:\\\/\\\/www.assugrin.ch\\\/fr\\\/produkt\\\/liquide-avec-de-lagave\\\/\",\"name\":\"SteviaSweet Liquide avec de l\u2019agave sans calories | ASSUGRIN\",\"isPartOf\":{\"@id\":\"https:\\\/\\\/www.assugrin.ch\\\/fr\\\/#website\"},\"primaryImageOfPage\":{\"@id\":\"https:\\\/\\\/www.assugrin.ch\\\/fr\\\/produkt\\\/liquide-avec-de-lagave\\\/#primaryimage\"},\"image\":{\"@id\":\"https:\\\/\\\/www.assugrin.ch\\\/fr\\\/produkt\\\/liquide-avec-de-lagave\\\/#primaryimage\"},\"thumbnailUrl\":\"https:\\\/\\\/www.assugrin.ch\\\/wp-content\\\/uploads\\\/2025\\\/05\\\/steviasweet-fluessig-agave-stevia-1360x1360-1.png\",\"datePublished\":\"2025-05-22T14:12:38+00:00\",\"dateModified\":\"2026-03-19T20:12:52+00:00\",\"description\":\"SteviaSweet liquide \u00e0 l'agave n'a aucune calorie, et convient aux v\u00e9g\u00e9taliens et aux personnes diab\u00e9tiques.\",\"breadcrumb\":{\"@id\":\"https:\\\/\\\/www.assugrin.ch\\\/fr\\\/produkt\\\/liquide-avec-de-lagave\\\/#breadcrumb\"},\"inLanguage\":\"fr-FR\",\"potentialAction\":[{\"@type\":\"ReadAction\",\"target\":[\"https:\\\/\\\/www.assugrin.ch\\\/fr\\\/produkt\\\/liquide-avec-de-lagave\\\/\"]}]},{\"@type\":\"ImageObject\",\"inLanguage\":\"fr-FR\",\"@id\":\"https:\\\/\\\/www.assugrin.ch\\\/fr\\\/produkt\\\/liquide-avec-de-lagave\\\/#primaryimage\",\"url\":\"https:\\\/\\\/www.assugrin.ch\\\/wp-content\\\/uploads\\\/2025\\\/05\\\/steviasweet-fluessig-agave-stevia-1360x1360-1.png\",\"contentUrl\":\"https:\\\/\\\/www.assugrin.ch\\\/wp-content\\\/uploads\\\/2025\\\/05\\\/steviasweet-fluessig-agave-stevia-1360x1360-1.png\",\"width\":1360,\"height\":1360},{\"@type\":\"BreadcrumbList\",\"@id\":\"https:\\\/\\\/www.assugrin.ch\\\/fr\\\/produkt\\\/liquide-avec-de-lagave\\\/#breadcrumb\",\"itemListElement\":[{\"@type\":\"ListItem\",\"position\":1,\"name\":\"Accueil\",\"item\":\"https:\\\/\\\/www.assugrin.ch\\\/fr\\\/\"},{\"@type\":\"ListItem\",\"position\":2,\"name\":\"Assugrin \u2013 Une alternative intelligente au sucre\",\"item\":\"https:\\\/\\\/www.assugrin.ch\\\/fr\\\/shop\\\/\"},{\"@type\":\"ListItem\",\"position\":3,\"name\":\"SteviaSweet Liquide avec de l\u2019agave sans calories\"}]},{\"@type\":\"WebSite\",\"@id\":\"https:\\\/\\\/www.assugrin.ch\\\/fr\\\/#website\",\"url\":\"https:\\\/\\\/www.assugrin.ch\\\/fr\\\/\",\"name\":\"ASSUGRIN\",\"description\":\"Die clevere Art zu S\u00fcssen\",\"publisher\":{\"@id\":\"https:\\\/\\\/www.assugrin.ch\\\/fr\\\/#organization\"},\"potentialAction\":[{\"@type\":\"SearchAction\",\"target\":{\"@type\":\"EntryPoint\",\"urlTemplate\":\"https:\\\/\\\/www.assugrin.ch\\\/fr\\\/?s={search_term_string}\"},\"query-input\":{\"@type\":\"PropertyValueSpecification\",\"valueRequired\":true,\"valueName\":\"search_term_string\"}}],\"inLanguage\":\"fr-FR\"},{\"@type\":\"Organization\",\"@id\":\"https:\\\/\\\/www.assugrin.ch\\\/fr\\\/#organization\",\"name\":\"ASSUGRIN\",\"alternateName\":\"Die clevere Art zu S\u00fcssen\",\"url\":\"https:\\\/\\\/www.assugrin.ch\\\/fr\\\/\",\"logo\":{\"@type\":\"ImageObject\",\"inLanguage\":\"fr-FR\",\"@id\":\"https:\\\/\\\/www.assugrin.ch\\\/fr\\\/#\\\/schema\\\/logo\\\/image\\\/\",\"url\":\"https:\\\/\\\/www.assugrin.ch\\\/wp-content\\\/uploads\\\/2022\\\/12\\\/logo-assugrin-faq.svg\",\"contentUrl\":\"https:\\\/\\\/www.assugrin.ch\\\/wp-content\\\/uploads\\\/2022\\\/12\\\/logo-assugrin-faq.svg\",\"width\":180,\"height\":180,\"caption\":\"ASSUGRIN\"},\"image\":{\"@id\":\"https:\\\/\\\/www.assugrin.ch\\\/fr\\\/#\\\/schema\\\/logo\\\/image\\\/\"},\"sameAs\":[\"https:\\\/\\\/www.facebook.com\\\/ASSUGRIN.ch\\\/\",\"https:\\\/\\\/www.instagram.com\\\/assugrin.ch\"]}]}<\/script>\n<meta property=\"product:price:amount\" content=\"7.95\" \/>\n<meta property=\"product:price:currency\" content=\"CHF\" \/>\n<meta property=\"og:availability\" content=\"instock\" \/>\n<meta property=\"product:availability\" content=\"instock\" \/>\n<meta property=\"product:retailer_item_id\" content=\"668097.00\" \/>\n<meta property=\"product:condition\" content=\"new\" \/>\n<!-- \/ Yoast SEO Premium plugin. -->","yoast_head_json":{"title":"SteviaSweet Liquide avec de l\u2019agave sans calories | ASSUGRIN","description":"SteviaSweet liquide \u00e0 l'agave n'a aucune calorie, et convient aux v\u00e9g\u00e9taliens et aux personnes diab\u00e9tiques.","robots":{"index":"index","follow":"follow","max-snippet":"max-snippet:-1","max-image-preview":"max-image-preview:large","max-video-preview":"max-video-preview:-1"},"canonical":"https:\/\/www.assugrin.ch\/fr\/produkt\/liquide-avec-de-lagave\/","og_locale":"fr_FR","og_type":"article","og_title":"SteviaSweet Liquide avec de l\u2019agave sans calories","og_description":"SteviaSweet liquide \u00e0 l'agave n'a aucune calorie, et convient aux v\u00e9g\u00e9taliens et aux personnes diab\u00e9tiques.","og_url":"https:\/\/www.assugrin.ch\/fr\/produkt\/liquide-avec-de-lagave\/","og_site_name":"ASSUGRIN","article_publisher":"https:\/\/www.facebook.com\/ASSUGRIN.ch\/","article_modified_time":"2026-03-19T20:12:52+00:00","og_image":[{"width":1360,"height":1360,"url":"https:\/\/www.assugrin.ch\/wp-content\/uploads\/2025\/05\/steviasweet-fluessig-agave-stevia-1360x1360-1.png","type":"image\/png"}],"twitter_card":"summary_large_image","twitter_misc":{"Price":"&#67;&#72;&#70;&nbsp;7.95","Availability":"In stock"},"schema":{"@context":"https:\/\/schema.org","@graph":[{"@type":"WebPage","@id":"https:\/\/www.assugrin.ch\/fr\/produkt\/liquide-avec-de-lagave\/","url":"https:\/\/www.assugrin.ch\/fr\/produkt\/liquide-avec-de-lagave\/","name":"SteviaSweet Liquide avec de l\u2019agave sans calories | ASSUGRIN","isPartOf":{"@id":"https:\/\/www.assugrin.ch\/fr\/#website"},"primaryImageOfPage":{"@id":"https:\/\/www.assugrin.ch\/fr\/produkt\/liquide-avec-de-lagave\/#primaryimage"},"image":{"@id":"https:\/\/www.assugrin.ch\/fr\/produkt\/liquide-avec-de-lagave\/#primaryimage"},"thumbnailUrl":"https:\/\/www.assugrin.ch\/wp-content\/uploads\/2025\/05\/steviasweet-fluessig-agave-stevia-1360x1360-1.png","datePublished":"2025-05-22T14:12:38+00:00","dateModified":"2026-03-19T20:12:52+00:00","description":"SteviaSweet liquide \u00e0 l'agave n'a aucune calorie, et convient aux v\u00e9g\u00e9taliens et aux personnes diab\u00e9tiques.","breadcrumb":{"@id":"https:\/\/www.assugrin.ch\/fr\/produkt\/liquide-avec-de-lagave\/#breadcrumb"},"inLanguage":"fr-FR","potentialAction":[{"@type":"ReadAction","target":["https:\/\/www.assugrin.ch\/fr\/produkt\/liquide-avec-de-lagave\/"]}]},{"@type":"ImageObject","inLanguage":"fr-FR","@id":"https:\/\/www.assugrin.ch\/fr\/produkt\/liquide-avec-de-lagave\/#primaryimage","url":"https:\/\/www.assugrin.ch\/wp-content\/uploads\/2025\/05\/steviasweet-fluessig-agave-stevia-1360x1360-1.png","contentUrl":"https:\/\/www.assugrin.ch\/wp-content\/uploads\/2025\/05\/steviasweet-fluessig-agave-stevia-1360x1360-1.png","width":1360,"height":1360},{"@type":"BreadcrumbList","@id":"https:\/\/www.assugrin.ch\/fr\/produkt\/liquide-avec-de-lagave\/#breadcrumb","itemListElement":[{"@type":"ListItem","position":1,"name":"Accueil","item":"https:\/\/www.assugrin.ch\/fr\/"},{"@type":"ListItem","position":2,"name":"Assugrin \u2013 Une alternative intelligente au sucre","item":"https:\/\/www.assugrin.ch\/fr\/shop\/"},{"@type":"ListItem","position":3,"name":"SteviaSweet Liquide avec de l\u2019agave sans calories"}]},{"@type":"WebSite","@id":"https:\/\/www.assugrin.ch\/fr\/#website","url":"https:\/\/www.assugrin.ch\/fr\/","name":"ASSUGRIN","description":"Die clevere Art zu S\u00fcssen","publisher":{"@id":"https:\/\/www.assugrin.ch\/fr\/#organization"},"potentialAction":[{"@type":"SearchAction","target":{"@type":"EntryPoint","urlTemplate":"https:\/\/www.assugrin.ch\/fr\/?s={search_term_string}"},"query-input":{"@type":"PropertyValueSpecification","valueRequired":true,"valueName":"search_term_string"}}],"inLanguage":"fr-FR"},{"@type":"Organization","@id":"https:\/\/www.assugrin.ch\/fr\/#organization","name":"ASSUGRIN","alternateName":"Die clevere Art zu S\u00fcssen","url":"https:\/\/www.assugrin.ch\/fr\/","logo":{"@type":"ImageObject","inLanguage":"fr-FR","@id":"https:\/\/www.assugrin.ch\/fr\/#\/schema\/logo\/image\/","url":"https:\/\/www.assugrin.ch\/wp-content\/uploads\/2022\/12\/logo-assugrin-faq.svg","contentUrl":"https:\/\/www.assugrin.ch\/wp-content\/uploads\/2022\/12\/logo-assugrin-faq.svg","width":180,"height":180,"caption":"ASSUGRIN"},"image":{"@id":"https:\/\/www.assugrin.ch\/fr\/#\/schema\/logo\/image\/"},"sameAs":["https:\/\/www.facebook.com\/ASSUGRIN.ch\/","https:\/\/www.instagram.com\/assugrin.ch"]}]},"product_price_amount":"7.95","product_price_currency":"CHF","og_availability":"instock","product_availability":"instock","product_retailer_item_id":"668097.00","product_condition":"new"},"_links":{"self":[{"href":"https:\/\/www.assugrin.ch\/fr\/wp-json\/wp\/v2\/product\/21153","targetHints":{"allow":["GET"]}}],"collection":[{"href":"https:\/\/www.assugrin.ch\/fr\/wp-json\/wp\/v2\/product"}],"about":[{"href":"https:\/\/www.assugrin.ch\/fr\/wp-json\/wp\/v2\/types\/product"}],"wp:featuredmedia":[{"embeddable":true,"href":"https:\/\/www.assugrin.ch\/fr\/wp-json\/wp\/v2\/media\/21165"}],"wp:attachment":[{"href":"https:\/\/www.assugrin.ch\/fr\/wp-json\/wp\/v2\/media?parent=21153"}],"wp:term":[{"taxonomy":"product_brand","embeddable":true,"href":"https:\/\/www.assugrin.ch\/fr\/wp-json\/wp\/v2\/product_brand?post=21153"},{"taxonomy":"product_cat","embeddable":true,"href":"https:\/\/www.assugrin.ch\/fr\/wp-json\/wp\/v2\/product_cat?post=21153"},{"taxonomy":"product_tag","embeddable":true,"href":"https:\/\/www.assugrin.ch\/fr\/wp-json\/wp\/v2\/product_tag?post=21153"},{"taxonomy":"badge","embeddable":true,"href":"https:\/\/www.assugrin.ch\/fr\/wp-json\/wp\/v2\/badge?post=21153"}],"curies":[{"name":"wp","href":"https:\/\/api.w.org\/{rel}","templated":true}]}}