{"id":21157,"date":"2025-05-22T17:02:10","date_gmt":"2025-05-22T15:02:10","guid":{"rendered":"https:\/\/www.assugrin.ch\/?post_type=product&#038;p=21157"},"modified":"2025-09-19T09:23:13","modified_gmt":"2025-09-19T07:23:13","slug":"crystal-sticks","status":"publish","type":"product","link":"https:\/\/www.assugrin.ch\/fr\/produkt\/crystal-sticks\/","title":{"rendered":"SteviaSweet Crystal Sticks avec \u00e9rythritol &amp; glycosides de st\u00e9viol"},"content":{"rendered":"","protected":false},"excerpt":{"rendered":"<div class=\"product-description\">\n<div class=\"product-description__content\">\n<p>Sers-toi du SteviaSweet Crystal comme du sucre \u2013 maintenant disponible en b\u00e2tonnets, une version pratique pour une douceur parfaite sans calories. Le compagnon de route id\u00e9al, mais aussi tr\u00e8s pratique pour toutes tes boissons et une petite envie sucr\u00e9e \u00e0 la maison.<\/p>\n<p>Un b\u00e2tonnet SteviaSweet Crystal correspond \u00e0 une cuill\u00e8re \u00e0 caf\u00e9 de sucre.<\/p>\n<p>Conservation :<br \/>\nConserver \u00e0 l\u2019abri de la chaleur, dans un endroit sec et inodore.<\/p>\n<\/div>\n<\/div>\n","protected":false},"featured_media":21163,"template":"","meta":{"_acf_changed":false,"inline_featured_image":false,"kia_subtitle":"Contenu 100 x 1.5 g"},"product_brand":[],"product_cat":[1303],"product_tag":[1300,1301,1302,1305],"badge":[],"class_list":{"0":"post-21157","1":"product","2":"type-product","3":"status-publish","4":"has-post-thumbnail","6":"product_cat-batonnets","7":"product_tag-sans-gluten","8":"product_tag-sans-lactose","9":"product_tag-vegetalien","10":"product_tag-sans-danger-pour-les-dents","12":"first","13":"instock","14":"taxable","15":"shipping-taxable","16":"purchasable","17":"product-type-simple"},"bundled_by":[],"bundle_stock_status":"instock","bundle_stock_quantity":105,"bundle_virtual":false,"bundle_layout":"","bundle_add_to_cart_form_location":"","bundle_editable_in_cart":false,"bundle_sold_individually_context":"","bundle_item_grouping":"","bundle_min_size":"","bundle_max_size":"","bundle_price":[],"bundled_items":[],"bundle_sell_ids":[],"group_of_quantity":0,"min_quantity":0,"max_quantity":"","exclude_order_quantity_value_rules":"no","exclude_category_quantity_rules":"no","combine_variations":"no","acf":[],"yoast_head":"<!-- This site is optimized with the Yoast SEO Premium plugin v24.2 (Yoast SEO v27.4) - https:\/\/yoast.com\/product\/yoast-seo-premium-wordpress\/ -->\n<title>SteviaSweet Crystal Sticks avec \u00e9rythritol &amp; glycosides de st\u00e9viol | ASSUGRIN<\/title>\n<meta name=\"description\" content=\"Les b\u00e2tonnets SteviaSweet Crystal sont sans calories, v\u00e9g\u00e9taliens et conviennent aux diab\u00e9tiques.\" \/>\n<meta name=\"robots\" content=\"index, follow, max-snippet:-1, max-image-preview:large, max-video-preview:-1\" \/>\n<link rel=\"canonical\" href=\"https:\/\/www.assugrin.ch\/fr\/produkt\/crystal-sticks\/\" \/>\n<meta property=\"og:locale\" content=\"fr_FR\" \/>\n<meta property=\"og:type\" content=\"article\" \/>\n<meta property=\"og:title\" content=\"SteviaSweet Crystal Sticks avec \u00e9rythritol &amp; glycosides de st\u00e9viol\" \/>\n<meta property=\"og:description\" content=\"Les b\u00e2tonnets SteviaSweet Crystal sont sans calories, v\u00e9g\u00e9taliens et conviennent aux diab\u00e9tiques.\" \/>\n<meta property=\"og:url\" content=\"https:\/\/www.assugrin.ch\/fr\/produkt\/crystal-sticks\/\" \/>\n<meta property=\"og:site_name\" content=\"ASSUGRIN\" \/>\n<meta property=\"article:publisher\" content=\"https:\/\/www.facebook.com\/ASSUGRIN.ch\/\" \/>\n<meta property=\"article:modified_time\" content=\"2025-09-19T07:23:13+00:00\" \/>\n<meta property=\"og:image\" content=\"https:\/\/www.assugrin.ch\/wp-content\/uploads\/2025\/05\/steviasweet-crystal-sticks-stevia-erythrit-1360x1360-1.png\" \/>\n\t<meta property=\"og:image:width\" content=\"1360\" \/>\n\t<meta property=\"og:image:height\" content=\"1360\" \/>\n\t<meta property=\"og:image:type\" content=\"image\/png\" \/>\n<meta name=\"twitter:card\" content=\"summary_large_image\" \/>\n<meta name=\"twitter:label1\" content=\"Price\" \/>\n\t<meta name=\"twitter:data1\" content=\"&#067;&#072;&#070;&nbsp;9.45\" \/>\n\t<meta name=\"twitter:label2\" content=\"Availability\" \/>\n\t<meta name=\"twitter:data2\" content=\"In stock\" \/>\n<script type=\"application\/ld+json\" class=\"yoast-schema-graph\">{\"@context\":\"https:\\\/\\\/schema.org\",\"@graph\":[{\"@type\":\"WebPage\",\"@id\":\"https:\\\/\\\/www.assugrin.ch\\\/fr\\\/produkt\\\/crystal-sticks\\\/\",\"url\":\"https:\\\/\\\/www.assugrin.ch\\\/fr\\\/produkt\\\/crystal-sticks\\\/\",\"name\":\"SteviaSweet Crystal Sticks avec \u00e9rythritol &amp; glycosides de st\u00e9viol | ASSUGRIN\",\"isPartOf\":{\"@id\":\"https:\\\/\\\/www.assugrin.ch\\\/fr\\\/#website\"},\"primaryImageOfPage\":{\"@id\":\"https:\\\/\\\/www.assugrin.ch\\\/fr\\\/produkt\\\/crystal-sticks\\\/#primaryimage\"},\"image\":{\"@id\":\"https:\\\/\\\/www.assugrin.ch\\\/fr\\\/produkt\\\/crystal-sticks\\\/#primaryimage\"},\"thumbnailUrl\":\"https:\\\/\\\/www.assugrin.ch\\\/wp-content\\\/uploads\\\/2025\\\/05\\\/steviasweet-crystal-sticks-stevia-erythrit-1360x1360-1.png\",\"datePublished\":\"2025-05-22T15:02:10+00:00\",\"dateModified\":\"2025-09-19T07:23:13+00:00\",\"description\":\"Les b\u00e2tonnets SteviaSweet Crystal sont sans calories, v\u00e9g\u00e9taliens et conviennent aux diab\u00e9tiques.\",\"breadcrumb\":{\"@id\":\"https:\\\/\\\/www.assugrin.ch\\\/fr\\\/produkt\\\/crystal-sticks\\\/#breadcrumb\"},\"inLanguage\":\"fr-FR\",\"potentialAction\":[{\"@type\":\"ReadAction\",\"target\":[\"https:\\\/\\\/www.assugrin.ch\\\/fr\\\/produkt\\\/crystal-sticks\\\/\"]}]},{\"@type\":\"ImageObject\",\"inLanguage\":\"fr-FR\",\"@id\":\"https:\\\/\\\/www.assugrin.ch\\\/fr\\\/produkt\\\/crystal-sticks\\\/#primaryimage\",\"url\":\"https:\\\/\\\/www.assugrin.ch\\\/wp-content\\\/uploads\\\/2025\\\/05\\\/steviasweet-crystal-sticks-stevia-erythrit-1360x1360-1.png\",\"contentUrl\":\"https:\\\/\\\/www.assugrin.ch\\\/wp-content\\\/uploads\\\/2025\\\/05\\\/steviasweet-crystal-sticks-stevia-erythrit-1360x1360-1.png\",\"width\":1360,\"height\":1360},{\"@type\":\"BreadcrumbList\",\"@id\":\"https:\\\/\\\/www.assugrin.ch\\\/fr\\\/produkt\\\/crystal-sticks\\\/#breadcrumb\",\"itemListElement\":[{\"@type\":\"ListItem\",\"position\":1,\"name\":\"Accueil\",\"item\":\"https:\\\/\\\/www.assugrin.ch\\\/fr\\\/\"},{\"@type\":\"ListItem\",\"position\":2,\"name\":\"Assugrin \u2013 Une alternative intelligente au sucre\",\"item\":\"https:\\\/\\\/www.assugrin.ch\\\/fr\\\/shop\\\/\"},{\"@type\":\"ListItem\",\"position\":3,\"name\":\"SteviaSweet Crystal Sticks avec \u00e9rythritol &amp; glycosides de st\u00e9viol\"}]},{\"@type\":\"WebSite\",\"@id\":\"https:\\\/\\\/www.assugrin.ch\\\/fr\\\/#website\",\"url\":\"https:\\\/\\\/www.assugrin.ch\\\/fr\\\/\",\"name\":\"ASSUGRIN\",\"description\":\"Die clevere Art zu S\u00fcssen\",\"publisher\":{\"@id\":\"https:\\\/\\\/www.assugrin.ch\\\/fr\\\/#organization\"},\"potentialAction\":[{\"@type\":\"SearchAction\",\"target\":{\"@type\":\"EntryPoint\",\"urlTemplate\":\"https:\\\/\\\/www.assugrin.ch\\\/fr\\\/?s={search_term_string}\"},\"query-input\":{\"@type\":\"PropertyValueSpecification\",\"valueRequired\":true,\"valueName\":\"search_term_string\"}}],\"inLanguage\":\"fr-FR\"},{\"@type\":\"Organization\",\"@id\":\"https:\\\/\\\/www.assugrin.ch\\\/fr\\\/#organization\",\"name\":\"ASSUGRIN\",\"alternateName\":\"Die clevere Art zu S\u00fcssen\",\"url\":\"https:\\\/\\\/www.assugrin.ch\\\/fr\\\/\",\"logo\":{\"@type\":\"ImageObject\",\"inLanguage\":\"fr-FR\",\"@id\":\"https:\\\/\\\/www.assugrin.ch\\\/fr\\\/#\\\/schema\\\/logo\\\/image\\\/\",\"url\":\"https:\\\/\\\/www.assugrin.ch\\\/wp-content\\\/uploads\\\/2022\\\/12\\\/logo-assugrin-faq.svg\",\"contentUrl\":\"https:\\\/\\\/www.assugrin.ch\\\/wp-content\\\/uploads\\\/2022\\\/12\\\/logo-assugrin-faq.svg\",\"width\":180,\"height\":180,\"caption\":\"ASSUGRIN\"},\"image\":{\"@id\":\"https:\\\/\\\/www.assugrin.ch\\\/fr\\\/#\\\/schema\\\/logo\\\/image\\\/\"},\"sameAs\":[\"https:\\\/\\\/www.facebook.com\\\/ASSUGRIN.ch\\\/\",\"https:\\\/\\\/www.instagram.com\\\/assugrin.ch\"]}]}<\/script>\n<meta property=\"product:price:amount\" content=\"9.45\" \/>\n<meta property=\"product:price:currency\" content=\"CHF\" \/>\n<meta property=\"og:availability\" content=\"instock\" \/>\n<meta property=\"product:availability\" content=\"instock\" \/>\n<meta property=\"product:retailer_item_id\" content=\"668146.00\" \/>\n<meta property=\"product:condition\" content=\"new\" \/>\n<!-- \/ Yoast SEO Premium plugin. -->","yoast_head_json":{"title":"SteviaSweet Crystal Sticks avec \u00e9rythritol &amp; glycosides de st\u00e9viol | ASSUGRIN","description":"Les b\u00e2tonnets SteviaSweet Crystal sont sans calories, v\u00e9g\u00e9taliens et conviennent aux diab\u00e9tiques.","robots":{"index":"index","follow":"follow","max-snippet":"max-snippet:-1","max-image-preview":"max-image-preview:large","max-video-preview":"max-video-preview:-1"},"canonical":"https:\/\/www.assugrin.ch\/fr\/produkt\/crystal-sticks\/","og_locale":"fr_FR","og_type":"article","og_title":"SteviaSweet Crystal Sticks avec \u00e9rythritol &amp; glycosides de st\u00e9viol","og_description":"Les b\u00e2tonnets SteviaSweet Crystal sont sans calories, v\u00e9g\u00e9taliens et conviennent aux diab\u00e9tiques.","og_url":"https:\/\/www.assugrin.ch\/fr\/produkt\/crystal-sticks\/","og_site_name":"ASSUGRIN","article_publisher":"https:\/\/www.facebook.com\/ASSUGRIN.ch\/","article_modified_time":"2025-09-19T07:23:13+00:00","og_image":[{"width":1360,"height":1360,"url":"https:\/\/www.assugrin.ch\/wp-content\/uploads\/2025\/05\/steviasweet-crystal-sticks-stevia-erythrit-1360x1360-1.png","type":"image\/png"}],"twitter_card":"summary_large_image","twitter_misc":{"Price":"&#67;&#72;&#70;&nbsp;9.45","Availability":"In stock"},"schema":{"@context":"https:\/\/schema.org","@graph":[{"@type":"WebPage","@id":"https:\/\/www.assugrin.ch\/fr\/produkt\/crystal-sticks\/","url":"https:\/\/www.assugrin.ch\/fr\/produkt\/crystal-sticks\/","name":"SteviaSweet Crystal Sticks avec \u00e9rythritol &amp; glycosides de st\u00e9viol | ASSUGRIN","isPartOf":{"@id":"https:\/\/www.assugrin.ch\/fr\/#website"},"primaryImageOfPage":{"@id":"https:\/\/www.assugrin.ch\/fr\/produkt\/crystal-sticks\/#primaryimage"},"image":{"@id":"https:\/\/www.assugrin.ch\/fr\/produkt\/crystal-sticks\/#primaryimage"},"thumbnailUrl":"https:\/\/www.assugrin.ch\/wp-content\/uploads\/2025\/05\/steviasweet-crystal-sticks-stevia-erythrit-1360x1360-1.png","datePublished":"2025-05-22T15:02:10+00:00","dateModified":"2025-09-19T07:23:13+00:00","description":"Les b\u00e2tonnets SteviaSweet Crystal sont sans calories, v\u00e9g\u00e9taliens et conviennent aux diab\u00e9tiques.","breadcrumb":{"@id":"https:\/\/www.assugrin.ch\/fr\/produkt\/crystal-sticks\/#breadcrumb"},"inLanguage":"fr-FR","potentialAction":[{"@type":"ReadAction","target":["https:\/\/www.assugrin.ch\/fr\/produkt\/crystal-sticks\/"]}]},{"@type":"ImageObject","inLanguage":"fr-FR","@id":"https:\/\/www.assugrin.ch\/fr\/produkt\/crystal-sticks\/#primaryimage","url":"https:\/\/www.assugrin.ch\/wp-content\/uploads\/2025\/05\/steviasweet-crystal-sticks-stevia-erythrit-1360x1360-1.png","contentUrl":"https:\/\/www.assugrin.ch\/wp-content\/uploads\/2025\/05\/steviasweet-crystal-sticks-stevia-erythrit-1360x1360-1.png","width":1360,"height":1360},{"@type":"BreadcrumbList","@id":"https:\/\/www.assugrin.ch\/fr\/produkt\/crystal-sticks\/#breadcrumb","itemListElement":[{"@type":"ListItem","position":1,"name":"Accueil","item":"https:\/\/www.assugrin.ch\/fr\/"},{"@type":"ListItem","position":2,"name":"Assugrin \u2013 Une alternative intelligente au sucre","item":"https:\/\/www.assugrin.ch\/fr\/shop\/"},{"@type":"ListItem","position":3,"name":"SteviaSweet Crystal Sticks avec \u00e9rythritol &amp; glycosides de st\u00e9viol"}]},{"@type":"WebSite","@id":"https:\/\/www.assugrin.ch\/fr\/#website","url":"https:\/\/www.assugrin.ch\/fr\/","name":"ASSUGRIN","description":"Die clevere Art zu S\u00fcssen","publisher":{"@id":"https:\/\/www.assugrin.ch\/fr\/#organization"},"potentialAction":[{"@type":"SearchAction","target":{"@type":"EntryPoint","urlTemplate":"https:\/\/www.assugrin.ch\/fr\/?s={search_term_string}"},"query-input":{"@type":"PropertyValueSpecification","valueRequired":true,"valueName":"search_term_string"}}],"inLanguage":"fr-FR"},{"@type":"Organization","@id":"https:\/\/www.assugrin.ch\/fr\/#organization","name":"ASSUGRIN","alternateName":"Die clevere Art zu S\u00fcssen","url":"https:\/\/www.assugrin.ch\/fr\/","logo":{"@type":"ImageObject","inLanguage":"fr-FR","@id":"https:\/\/www.assugrin.ch\/fr\/#\/schema\/logo\/image\/","url":"https:\/\/www.assugrin.ch\/wp-content\/uploads\/2022\/12\/logo-assugrin-faq.svg","contentUrl":"https:\/\/www.assugrin.ch\/wp-content\/uploads\/2022\/12\/logo-assugrin-faq.svg","width":180,"height":180,"caption":"ASSUGRIN"},"image":{"@id":"https:\/\/www.assugrin.ch\/fr\/#\/schema\/logo\/image\/"},"sameAs":["https:\/\/www.facebook.com\/ASSUGRIN.ch\/","https:\/\/www.instagram.com\/assugrin.ch"]}]},"product_price_amount":"9.45","product_price_currency":"CHF","og_availability":"instock","product_availability":"instock","product_retailer_item_id":"668146.00","product_condition":"new"},"_links":{"self":[{"href":"https:\/\/www.assugrin.ch\/fr\/wp-json\/wp\/v2\/product\/21157","targetHints":{"allow":["GET"]}}],"collection":[{"href":"https:\/\/www.assugrin.ch\/fr\/wp-json\/wp\/v2\/product"}],"about":[{"href":"https:\/\/www.assugrin.ch\/fr\/wp-json\/wp\/v2\/types\/product"}],"wp:featuredmedia":[{"embeddable":true,"href":"https:\/\/www.assugrin.ch\/fr\/wp-json\/wp\/v2\/media\/21163"}],"wp:attachment":[{"href":"https:\/\/www.assugrin.ch\/fr\/wp-json\/wp\/v2\/media?parent=21157"}],"wp:term":[{"taxonomy":"product_brand","embeddable":true,"href":"https:\/\/www.assugrin.ch\/fr\/wp-json\/wp\/v2\/product_brand?post=21157"},{"taxonomy":"product_cat","embeddable":true,"href":"https:\/\/www.assugrin.ch\/fr\/wp-json\/wp\/v2\/product_cat?post=21157"},{"taxonomy":"product_tag","embeddable":true,"href":"https:\/\/www.assugrin.ch\/fr\/wp-json\/wp\/v2\/product_tag?post=21157"},{"taxonomy":"badge","embeddable":true,"href":"https:\/\/www.assugrin.ch\/fr\/wp-json\/wp\/v2\/badge?post=21157"}],"curies":[{"name":"wp","href":"https:\/\/api.w.org\/{rel}","templated":true}]}}