{"id":8976,"date":"2022-10-07T14:58:30","date_gmt":"2022-10-07T12:58:30","guid":{"rendered":"http:\/\/dev.modularte.de\/ASSUGRIN-WP\/product\/assugrin-gold\/"},"modified":"2026-03-07T13:16:37","modified_gmt":"2026-03-07T12:16:37","slug":"assugrin-300","status":"publish","type":"product","link":"https:\/\/www.assugrin.ch\/fr\/produkt\/assugrin-300\/","title":{"rendered":"GOLD 300 pi\u00e8ces"},"content":{"rendered":"","protected":false},"excerpt":{"rendered":"<p><strong><span style=\"color: #e3221a\">Le plaisir au go\u00fbt de sucre<\/span><\/strong><\/p>\n<p>Appr\u00e9ci\u00e9 depuis longtemps par de nombreuses personnes pour son go\u00fbt proche de celui du sucre. Doseur facile \u00e0 utiliser avec une touche dor\u00e9e. Les comprim\u00e9s d&#8217;Assugrin Gold sont pauvres en calories, conviennent aux diab\u00e9tiques et sont v\u00e9g\u00e9taliens.<\/p>\n<p><strong>Un comprim\u00e9 sucre autant qu&#8217;un morceau de sucre.<\/strong><\/p>\n<p>Dans le cadre d&#8217;une alimentation et d&#8217;un mode de vie globalement sains, Assugrin peut contribuer \u00e0 promouvoir les objectifs de sant\u00e9 publique en mati\u00e8re de r\u00e9duction de la consommation de sucre et, \u00e0 terme, favoriser la gestion du poids et du diab\u00e8te ainsi que la sant\u00e9 dentaire.<\/p>\n","protected":false},"featured_media":12081,"template":"","meta":{"_acf_changed":false,"inline_featured_image":false,"kia_subtitle":"Distributeur de 300 pi\u00e8ces"},"product_brand":[],"product_cat":[1299,1307],"product_tag":[1300,1301,1302],"badge":[],"class_list":{"0":"post-8976","1":"product","2":"type-product","3":"status-publish","4":"has-post-thumbnail","6":"product_cat-gold-fr","7":"product_cat-tablettes","8":"product_tag-sans-gluten","9":"product_tag-sans-lactose","10":"product_tag-vegetalien","12":"first","13":"instock","14":"taxable","15":"shipping-taxable","16":"purchasable","17":"product-type-simple"},"bundled_by":[],"bundle_stock_status":"instock","bundle_stock_quantity":82,"bundle_virtual":false,"bundle_layout":"","bundle_add_to_cart_form_location":"","bundle_editable_in_cart":false,"bundle_sold_individually_context":"","bundle_item_grouping":"","bundle_min_size":"","bundle_max_size":"","bundle_price":[],"bundled_items":[],"bundle_sell_ids":[],"group_of_quantity":0,"min_quantity":0,"max_quantity":"","exclude_order_quantity_value_rules":"no","exclude_category_quantity_rules":"no","combine_variations":"no","acf":[],"yoast_head":"<!-- This site is optimized with the Yoast SEO Premium plugin v24.2 (Yoast SEO v27.4) - https:\/\/yoast.com\/product\/yoast-seo-premium-wordpress\/ -->\n<title>GOLD 300 pi\u00e8ces | ASSUGRIN<\/title>\n<meta name=\"description\" content=\"ASSUGRIN Gold est le parfait substitut du sucre pour le caf\u00e9 et le th\u00e9. Faible en calories \u2705 V\u00e9g\u00e9talien \u2705 et adapt\u00e9 aux diab\u00e9tiques \u2705 Le substitut parfait pour toutes les boissons chaudes.\" \/>\n<meta name=\"robots\" content=\"index, follow, max-snippet:-1, max-image-preview:large, max-video-preview:-1\" \/>\n<link rel=\"canonical\" href=\"https:\/\/www.assugrin.ch\/fr\/produkt\/assugrin-300\/\" \/>\n<meta property=\"og:locale\" content=\"fr_FR\" \/>\n<meta property=\"og:type\" content=\"article\" \/>\n<meta property=\"og:title\" content=\"GOLD 300 pi\u00e8ces\" \/>\n<meta property=\"og:description\" content=\"ASSUGRIN Gold est le parfait substitut du sucre pour le caf\u00e9 et le th\u00e9. Faible en calories \u2705 V\u00e9g\u00e9talien \u2705 et adapt\u00e9 aux diab\u00e9tiques \u2705 Le substitut parfait pour toutes les boissons chaudes.\" \/>\n<meta property=\"og:url\" content=\"https:\/\/www.assugrin.ch\/fr\/produkt\/assugrin-300\/\" \/>\n<meta property=\"og:site_name\" content=\"ASSUGRIN\" \/>\n<meta property=\"article:publisher\" content=\"https:\/\/www.facebook.com\/ASSUGRIN.ch\/\" \/>\n<meta property=\"article:modified_time\" content=\"2026-03-07T12:16:37+00:00\" \/>\n<meta property=\"og:image\" content=\"https:\/\/www.assugrin.ch\/wp-content\/uploads\/2022\/10\/assugrin-gold-300-tabletten.png\" \/>\n\t<meta property=\"og:image:width\" content=\"1360\" \/>\n\t<meta property=\"og:image:height\" content=\"1360\" \/>\n\t<meta property=\"og:image:type\" content=\"image\/png\" \/>\n<meta name=\"twitter:card\" content=\"summary_large_image\" \/>\n<meta name=\"twitter:label1\" content=\"Price\" \/>\n\t<meta name=\"twitter:data1\" content=\"&#067;&#072;&#070;&nbsp;6.45\" \/>\n\t<meta name=\"twitter:label2\" content=\"Availability\" \/>\n\t<meta name=\"twitter:data2\" content=\"In stock\" \/>\n<script type=\"application\/ld+json\" class=\"yoast-schema-graph\">{\"@context\":\"https:\\\/\\\/schema.org\",\"@graph\":[{\"@type\":\"WebPage\",\"@id\":\"https:\\\/\\\/www.assugrin.ch\\\/fr\\\/produkt\\\/assugrin-300\\\/\",\"url\":\"https:\\\/\\\/www.assugrin.ch\\\/fr\\\/produkt\\\/assugrin-300\\\/\",\"name\":\"GOLD 300 pi\u00e8ces | ASSUGRIN\",\"isPartOf\":{\"@id\":\"https:\\\/\\\/www.assugrin.ch\\\/fr\\\/#website\"},\"primaryImageOfPage\":{\"@id\":\"https:\\\/\\\/www.assugrin.ch\\\/fr\\\/produkt\\\/assugrin-300\\\/#primaryimage\"},\"image\":{\"@id\":\"https:\\\/\\\/www.assugrin.ch\\\/fr\\\/produkt\\\/assugrin-300\\\/#primaryimage\"},\"thumbnailUrl\":\"https:\\\/\\\/www.assugrin.ch\\\/wp-content\\\/uploads\\\/2022\\\/10\\\/assugrin-gold-300-tabletten.png\",\"datePublished\":\"2022-10-07T12:58:30+00:00\",\"dateModified\":\"2026-03-07T12:16:37+00:00\",\"description\":\"ASSUGRIN Gold est le parfait substitut du sucre pour le caf\u00e9 et le th\u00e9. Faible en calories \u2705 V\u00e9g\u00e9talien \u2705 et adapt\u00e9 aux diab\u00e9tiques \u2705 Le substitut parfait pour toutes les boissons chaudes.\",\"breadcrumb\":{\"@id\":\"https:\\\/\\\/www.assugrin.ch\\\/fr\\\/produkt\\\/assugrin-300\\\/#breadcrumb\"},\"inLanguage\":\"fr-FR\",\"potentialAction\":[{\"@type\":\"ReadAction\",\"target\":[\"https:\\\/\\\/www.assugrin.ch\\\/fr\\\/produkt\\\/assugrin-300\\\/\"]}]},{\"@type\":\"ImageObject\",\"inLanguage\":\"fr-FR\",\"@id\":\"https:\\\/\\\/www.assugrin.ch\\\/fr\\\/produkt\\\/assugrin-300\\\/#primaryimage\",\"url\":\"https:\\\/\\\/www.assugrin.ch\\\/wp-content\\\/uploads\\\/2022\\\/10\\\/assugrin-gold-300-tabletten.png\",\"contentUrl\":\"https:\\\/\\\/www.assugrin.ch\\\/wp-content\\\/uploads\\\/2022\\\/10\\\/assugrin-gold-300-tabletten.png\",\"width\":1360,\"height\":1360,\"caption\":\"ASSUGRIN Gold 300 pi\u00e8ces\"},{\"@type\":\"BreadcrumbList\",\"@id\":\"https:\\\/\\\/www.assugrin.ch\\\/fr\\\/produkt\\\/assugrin-300\\\/#breadcrumb\",\"itemListElement\":[{\"@type\":\"ListItem\",\"position\":1,\"name\":\"Accueil\",\"item\":\"https:\\\/\\\/www.assugrin.ch\\\/fr\\\/\"},{\"@type\":\"ListItem\",\"position\":2,\"name\":\"Assugrin \u2013 Une alternative intelligente au sucre\",\"item\":\"https:\\\/\\\/www.assugrin.ch\\\/fr\\\/shop\\\/\"},{\"@type\":\"ListItem\",\"position\":3,\"name\":\"GOLD 300 pi\u00e8ces\"}]},{\"@type\":\"WebSite\",\"@id\":\"https:\\\/\\\/www.assugrin.ch\\\/fr\\\/#website\",\"url\":\"https:\\\/\\\/www.assugrin.ch\\\/fr\\\/\",\"name\":\"ASSUGRIN\",\"description\":\"Die clevere Art zu S\u00fcssen\",\"publisher\":{\"@id\":\"https:\\\/\\\/www.assugrin.ch\\\/fr\\\/#organization\"},\"potentialAction\":[{\"@type\":\"SearchAction\",\"target\":{\"@type\":\"EntryPoint\",\"urlTemplate\":\"https:\\\/\\\/www.assugrin.ch\\\/fr\\\/?s={search_term_string}\"},\"query-input\":{\"@type\":\"PropertyValueSpecification\",\"valueRequired\":true,\"valueName\":\"search_term_string\"}}],\"inLanguage\":\"fr-FR\"},{\"@type\":\"Organization\",\"@id\":\"https:\\\/\\\/www.assugrin.ch\\\/fr\\\/#organization\",\"name\":\"ASSUGRIN\",\"alternateName\":\"Die clevere Art zu S\u00fcssen\",\"url\":\"https:\\\/\\\/www.assugrin.ch\\\/fr\\\/\",\"logo\":{\"@type\":\"ImageObject\",\"inLanguage\":\"fr-FR\",\"@id\":\"https:\\\/\\\/www.assugrin.ch\\\/fr\\\/#\\\/schema\\\/logo\\\/image\\\/\",\"url\":\"https:\\\/\\\/www.assugrin.ch\\\/wp-content\\\/uploads\\\/2022\\\/12\\\/logo-assugrin-faq.svg\",\"contentUrl\":\"https:\\\/\\\/www.assugrin.ch\\\/wp-content\\\/uploads\\\/2022\\\/12\\\/logo-assugrin-faq.svg\",\"width\":180,\"height\":180,\"caption\":\"ASSUGRIN\"},\"image\":{\"@id\":\"https:\\\/\\\/www.assugrin.ch\\\/fr\\\/#\\\/schema\\\/logo\\\/image\\\/\"},\"sameAs\":[\"https:\\\/\\\/www.facebook.com\\\/ASSUGRIN.ch\\\/\",\"https:\\\/\\\/www.instagram.com\\\/assugrin.ch\"]}]}<\/script>\n<meta property=\"product:price:amount\" content=\"6.45\" \/>\n<meta property=\"product:price:currency\" content=\"CHF\" \/>\n<meta property=\"og:availability\" content=\"instock\" \/>\n<meta property=\"product:availability\" content=\"instock\" \/>\n<meta property=\"product:retailer_item_id\" content=\"677659.00\" \/>\n<meta property=\"product:condition\" content=\"new\" \/>\n<!-- \/ Yoast SEO Premium plugin. -->","yoast_head_json":{"title":"GOLD 300 pi\u00e8ces | ASSUGRIN","description":"ASSUGRIN Gold est le parfait substitut du sucre pour le caf\u00e9 et le th\u00e9. Faible en calories \u2705 V\u00e9g\u00e9talien \u2705 et adapt\u00e9 aux diab\u00e9tiques \u2705 Le substitut parfait pour toutes les boissons chaudes.","robots":{"index":"index","follow":"follow","max-snippet":"max-snippet:-1","max-image-preview":"max-image-preview:large","max-video-preview":"max-video-preview:-1"},"canonical":"https:\/\/www.assugrin.ch\/fr\/produkt\/assugrin-300\/","og_locale":"fr_FR","og_type":"article","og_title":"GOLD 300 pi\u00e8ces","og_description":"ASSUGRIN Gold est le parfait substitut du sucre pour le caf\u00e9 et le th\u00e9. Faible en calories \u2705 V\u00e9g\u00e9talien \u2705 et adapt\u00e9 aux diab\u00e9tiques \u2705 Le substitut parfait pour toutes les boissons chaudes.","og_url":"https:\/\/www.assugrin.ch\/fr\/produkt\/assugrin-300\/","og_site_name":"ASSUGRIN","article_publisher":"https:\/\/www.facebook.com\/ASSUGRIN.ch\/","article_modified_time":"2026-03-07T12:16:37+00:00","og_image":[{"width":1360,"height":1360,"url":"https:\/\/www.assugrin.ch\/wp-content\/uploads\/2022\/10\/assugrin-gold-300-tabletten.png","type":"image\/png"}],"twitter_card":"summary_large_image","twitter_misc":{"Price":"&#67;&#72;&#70;&nbsp;6.45","Availability":"In stock"},"schema":{"@context":"https:\/\/schema.org","@graph":[{"@type":"WebPage","@id":"https:\/\/www.assugrin.ch\/fr\/produkt\/assugrin-300\/","url":"https:\/\/www.assugrin.ch\/fr\/produkt\/assugrin-300\/","name":"GOLD 300 pi\u00e8ces | ASSUGRIN","isPartOf":{"@id":"https:\/\/www.assugrin.ch\/fr\/#website"},"primaryImageOfPage":{"@id":"https:\/\/www.assugrin.ch\/fr\/produkt\/assugrin-300\/#primaryimage"},"image":{"@id":"https:\/\/www.assugrin.ch\/fr\/produkt\/assugrin-300\/#primaryimage"},"thumbnailUrl":"https:\/\/www.assugrin.ch\/wp-content\/uploads\/2022\/10\/assugrin-gold-300-tabletten.png","datePublished":"2022-10-07T12:58:30+00:00","dateModified":"2026-03-07T12:16:37+00:00","description":"ASSUGRIN Gold est le parfait substitut du sucre pour le caf\u00e9 et le th\u00e9. Faible en calories \u2705 V\u00e9g\u00e9talien \u2705 et adapt\u00e9 aux diab\u00e9tiques \u2705 Le substitut parfait pour toutes les boissons chaudes.","breadcrumb":{"@id":"https:\/\/www.assugrin.ch\/fr\/produkt\/assugrin-300\/#breadcrumb"},"inLanguage":"fr-FR","potentialAction":[{"@type":"ReadAction","target":["https:\/\/www.assugrin.ch\/fr\/produkt\/assugrin-300\/"]}]},{"@type":"ImageObject","inLanguage":"fr-FR","@id":"https:\/\/www.assugrin.ch\/fr\/produkt\/assugrin-300\/#primaryimage","url":"https:\/\/www.assugrin.ch\/wp-content\/uploads\/2022\/10\/assugrin-gold-300-tabletten.png","contentUrl":"https:\/\/www.assugrin.ch\/wp-content\/uploads\/2022\/10\/assugrin-gold-300-tabletten.png","width":1360,"height":1360,"caption":"ASSUGRIN Gold 300 pi\u00e8ces"},{"@type":"BreadcrumbList","@id":"https:\/\/www.assugrin.ch\/fr\/produkt\/assugrin-300\/#breadcrumb","itemListElement":[{"@type":"ListItem","position":1,"name":"Accueil","item":"https:\/\/www.assugrin.ch\/fr\/"},{"@type":"ListItem","position":2,"name":"Assugrin \u2013 Une alternative intelligente au sucre","item":"https:\/\/www.assugrin.ch\/fr\/shop\/"},{"@type":"ListItem","position":3,"name":"GOLD 300 pi\u00e8ces"}]},{"@type":"WebSite","@id":"https:\/\/www.assugrin.ch\/fr\/#website","url":"https:\/\/www.assugrin.ch\/fr\/","name":"ASSUGRIN","description":"Die clevere Art zu S\u00fcssen","publisher":{"@id":"https:\/\/www.assugrin.ch\/fr\/#organization"},"potentialAction":[{"@type":"SearchAction","target":{"@type":"EntryPoint","urlTemplate":"https:\/\/www.assugrin.ch\/fr\/?s={search_term_string}"},"query-input":{"@type":"PropertyValueSpecification","valueRequired":true,"valueName":"search_term_string"}}],"inLanguage":"fr-FR"},{"@type":"Organization","@id":"https:\/\/www.assugrin.ch\/fr\/#organization","name":"ASSUGRIN","alternateName":"Die clevere Art zu S\u00fcssen","url":"https:\/\/www.assugrin.ch\/fr\/","logo":{"@type":"ImageObject","inLanguage":"fr-FR","@id":"https:\/\/www.assugrin.ch\/fr\/#\/schema\/logo\/image\/","url":"https:\/\/www.assugrin.ch\/wp-content\/uploads\/2022\/12\/logo-assugrin-faq.svg","contentUrl":"https:\/\/www.assugrin.ch\/wp-content\/uploads\/2022\/12\/logo-assugrin-faq.svg","width":180,"height":180,"caption":"ASSUGRIN"},"image":{"@id":"https:\/\/www.assugrin.ch\/fr\/#\/schema\/logo\/image\/"},"sameAs":["https:\/\/www.facebook.com\/ASSUGRIN.ch\/","https:\/\/www.instagram.com\/assugrin.ch"]}]},"product_price_amount":"6.45","product_price_currency":"CHF","og_availability":"instock","product_availability":"instock","product_retailer_item_id":"677659.00","product_condition":"new"},"_links":{"self":[{"href":"https:\/\/www.assugrin.ch\/fr\/wp-json\/wp\/v2\/product\/8976","targetHints":{"allow":["GET"]}}],"collection":[{"href":"https:\/\/www.assugrin.ch\/fr\/wp-json\/wp\/v2\/product"}],"about":[{"href":"https:\/\/www.assugrin.ch\/fr\/wp-json\/wp\/v2\/types\/product"}],"wp:featuredmedia":[{"embeddable":true,"href":"https:\/\/www.assugrin.ch\/fr\/wp-json\/wp\/v2\/media\/12081"}],"wp:attachment":[{"href":"https:\/\/www.assugrin.ch\/fr\/wp-json\/wp\/v2\/media?parent=8976"}],"wp:term":[{"taxonomy":"product_brand","embeddable":true,"href":"https:\/\/www.assugrin.ch\/fr\/wp-json\/wp\/v2\/product_brand?post=8976"},{"taxonomy":"product_cat","embeddable":true,"href":"https:\/\/www.assugrin.ch\/fr\/wp-json\/wp\/v2\/product_cat?post=8976"},{"taxonomy":"product_tag","embeddable":true,"href":"https:\/\/www.assugrin.ch\/fr\/wp-json\/wp\/v2\/product_tag?post=8976"},{"taxonomy":"badge","embeddable":true,"href":"https:\/\/www.assugrin.ch\/fr\/wp-json\/wp\/v2\/badge?post=8976"}],"curies":[{"name":"wp","href":"https:\/\/api.w.org\/{rel}","templated":true}]}}